{"id":1633,"date":"2018-12-30T16:05:51","date_gmt":"2018-12-30T16:05:51","guid":{"rendered":"http:\/\/cartoit.com\/_hosting\/lietuvoskartografija.lt\/?page_id=1633"},"modified":"2019-09-04T04:24:53","modified_gmt":"2019-09-04T04:24:53","slug":"apie","status":"publish","type":"page","link":"https:\/\/lietuvoskartografija.lt\/metrastis\/apie\/","title":{"rendered":"Apie"},"content":{"rendered":"<section class=\"section-content grid-container\">\r\n    \r\n<h3>Apie projekt\u0105<\/h3>\r\n\r\n<div class=\"grid-x grid-margin-x \">\r\n\r\n<div class=\"cell small-12\">\r\n\r\n<article class=\"article-about-simple\">\r\n\r\nProjekto <a href=\"https:\/\/lietuvoskartografija.lt\">lietuvoskartografija.lt<\/a> iniciatoriai &#8211; Lietuvos kartograf\u0173 draugija.\r\n\r\n<br><br>\r\n\r\nLietuvos kartograf\u0173 draugija (LKD) yra savanori\u0161ka savaranki\u0161ka visuomenin\u0117 organizacija, vienijanti asmenis, besidomin\u010dius kartografija, dalyvaujan\u010dius rengiant kartografijos specialistus, remian\u010dius kartografijos mokslo pa\u017eang\u0105. Draugijos nariu gali tapti kiekvienas Lietuvos ar u\u017esienio pilietis.\r\n\r\n<br><br>\r\n\r\nPagrindiniai draugijos iniciatyvin\u0117s grup\u0117s tikslai tuo metu buvo paskatinti kartografijos mokslo pa\u017eang\u0105 ir sustiprinti s\u0105saj\u0105 su gamybos bei valdymo institucijomis. \u012estatuose i\u0161vardinti \u0161ie pagrindiniai draugijos u\u017edaviniai: kartografini\u0173 \u017eini\u0173 skleidimas Lietuvoje, nauj\u0173 kartografini\u0173 technologij\u0173 ir metodologij\u0173 diegimas, ry\u0161i\u0173 koordinavimas tarp mokslo, mokymo ir gamybos institucij\u0173, kartografini\u0173 k\u016brini\u0173 kokyb\u0117s gerinimas, atstovavimas valstybei tarptautin\u0117se kartografin\u0117se organizacijose.\r\n\r\n<br><br>\r\n\r\nSusisiekite su mumis lietuvoskartografija@gmail.com arba m\u016bs\u0173 <a href=\"https:\/\/www.facebook.com\/lietuvoskartografija\/\">Facebook profilyje<\/a>.\r\n\r\n<\/article>\r\n\r\n<\/div>\r\n\r\n<\/div>\r\n\r\n<\/section>\r\n\r\n","protected":false},"excerpt":{"rendered":"Apie projekt\u0105 Projekto lietuvoskartografija.lt iniciatoriai &#8211; Lietuvos kartograf\u0173 draugija. Lietuvos kartograf\u0173 draugija (LKD) yra savanori\u0161ka savaranki\u0161ka visuomenin\u0117 organizacija, vienijanti asmenis, besidomin\u010dius kartografija, dalyvaujan\u010dius rengiant kartografijos specialistus, remian\u010dius kartografijos mokslo pa\u017eang\u0105. Draugijos nariu gali tapti kiekvienas Lietuvos ar u\u017esienio pilietis. Pagrindiniai draugijos iniciatyvin\u0117s grup\u0117s tikslai tuo metu buvo paskatinti kartografijos mokslo pa\u017eang\u0105 ir sustiprinti s\u0105saj\u0105 su [&hellip;]","protected":false},"author":2,"featured_media":0,"parent":0,"menu_order":0,"comment_status":"closed","ping_status":"closed","template":"","meta":[],"_links":{"self":[{"href":"https:\/\/lietuvoskartografija.lt\/metrastis\/wp-json\/wp\/v2\/pages\/1633"}],"collection":[{"href":"https:\/\/lietuvoskartografija.lt\/metrastis\/wp-json\/wp\/v2\/pages"}],"about":[{"href":"https:\/\/lietuvoskartografija.lt\/metrastis\/wp-json\/wp\/v2\/types\/page"}],"author":[{"embeddable":true,"href":"https:\/\/lietuvoskartografija.lt\/metrastis\/wp-json\/wp\/v2\/users\/2"}],"replies":[{"embeddable":true,"href":"https:\/\/lietuvoskartografija.lt\/metrastis\/wp-json\/wp\/v2\/comments?post=1633"}],"version-history":[{"count":8,"href":"https:\/\/lietuvoskartografija.lt\/metrastis\/wp-json\/wp\/v2\/pages\/1633\/revisions"}],"predecessor-version":[{"id":1764,"href":"https:\/\/lietuvoskartografija.lt\/metrastis\/wp-json\/wp\/v2\/pages\/1633\/revisions\/1764"}],"wp:attachment":[{"href":"https:\/\/lietuvoskartografija.lt\/metrastis\/wp-json\/wp\/v2\/media?parent=1633"}],"curies":[{"name":"wp","href":"https:\/\/api.w.org\/{rel}","templated":true}]}}