{"id":1611,"date":"2018-12-29T18:27:58","date_gmt":"2018-12-29T18:27:58","guid":{"rendered":"https:\/\/cartoit.com\/_hosting\/lietuvoskartografija.lt\/?page_id=1611"},"modified":"2018-12-29T18:41:21","modified_gmt":"2018-12-29T18:41:21","slug":"kartografijos-laboratorija","status":"publish","type":"page","link":"https:\/\/lietuvoskartografija.lt\/metrastis\/organizacijos\/kartografijos-laboratorija\/","title":{"rendered":"Kartografijos laboratorija"},"content":{"rendered":"<!-- Intro section -->\r\n<div id=\"intro\" class=\"single-post grid-container\">\r\n<div class=\"intro-book grid-x\">\r\n<div class=\"book-left cell medium-6\">\r\n<div class=\"content-box-middle\">\r\n<h1 class=\"headings-title\">Kartografijos laboratorija<\/h1>\r\n<p class=\"headings-p\">Laboratorijos tikslas buvo pirmojo Lietuvos kompleksinio atlaso rengimas.<\/p>\r\n<\/div>\r\n<\/div>\r\n<div class=\"book-right cell medium-6\">\r\n<div class=\"book-right-content\">\r\n<div class=\"orbit-image\" style=\"background-image: url('https:\/\/lietuvoskartografija.lt\/metrastis\/wp-content\/uploads\/2018\/12\/LKD_svetainei_KLAB_1.jpg');\">\u00a0<\/div>\r\n<\/div>\r\n<\/div>\r\n<\/div>\r\n<div class=\"adbox-left\">Lietuvos kartograf\u0173 draugija <i class=\"fi-social-facebook\"><\/i> <i class=\"fi-social-twitter\"><\/i> <i class=\"fi-social-instagram\"><\/i><\/div>\r\n<\/div>\r\n<!-- End - Intro section -->\r\n<section class=\"section-content grid-container\">\r\n<h3>Apie laboratorij\u0105 trumpai<\/h3>\r\n<div class=\"grid-x grid-margin-x \">\r\n<div class=\"cell medium-6 cell-border\">\r\n<article class=\"article-about-simple\">\r\n<div class=\"timeline-post\">\r\n<ul>\r\n\t<li>1966 m.<\/li>\r\n\t<li>1995 m.<\/li>\r\n<\/ul>\r\n<\/div>\r\n<p>Kartografijos laboratorija buvo \u012fsteigta LKP CK ir Lietuvos TSR MT 1966-05-23 nutarimu Nr. 222 Vilniaus universiteto profesoriaus V. Chomskio iniciatyva.<\/p>\r\n<p>Laboratorija veik\u0117 prie Vilniaus universiteto Gamtos moksl\u0173 fakulteto Fizin\u0117s geografijos ir kartografijos katedros.<\/p>\r\n<\/article>\r\n<\/div>\r\n<div class=\"cell medium-6\"><img src=\"https:\/\/lietuvoskartografija.lt\/metrastis\/wp-content\/uploads\/2018\/12\/LKD_svetainei_KLAB_2.jpg\" alt=\"Space\" \/><\/div>\r\n<\/div>\r\n<\/section>\r\n<section class=\"section-content grid-container\">\r\n<h3>Pagrindin\u0117 veikla<\/h3>\r\n<div class=\"grid-x grid-margin-x\">\r\n<div class=\"cell medium-6\">\r\n<article class=\"article-about-simple-simple\">\r\n<p>Laboratorijos tikslas buvo pirmojo Lietuvos kompleksinio atlaso rengimas. Lietuvos TSR gamtini\u0173 s\u0105lyg\u0173 ir gamybini\u0173 j\u0117g\u0173 atlasas su \u017eyma \u201eTarnybiniam naudojimui\u201c buvo i\u0161leistas 10 t\u016bkst. egz. tira\u017eu lietuvi\u0173 ir rus\u0173 kalbomis.\u00a0 Po to prad\u0117tas rengti vie\u0161am naudojimui skirtas atlaso variantas, kurio 245 \u017eem\u0117lapi\u0173 autoriniai originalai buvo parengti 1989 metais ir perduoti Minsko kartografijos fabrikui.\u00a0 D\u0117l aplinkybi\u0173, i\u0161samiai apra\u0161yt\u0173 P. Gau\u010do ir J. Miliaus <a href=\"http:\/\/www.lgd.lt\/sites\/default\/files\/Gaucas_Milius_1999_leid_Lietuvos%20temine_kartografija_atkurus_valstybinguma_Vilnius.pdf\">straipsnyje<\/a> \u201eLietuvos temin\u0117 kartografija atk\u016brus valstybingum\u0105\u201c, \u0161is atlaso variantas taip ir nebuvo i\u0161leistas.<\/p>\r\n<\/article>\r\n<\/div>\r\n<div class=\"cell medium-6 cell-border\">\r\n<article class=\"article-about-simple\">\r\n<p>Atlaso rengimui vadovavo redakcin\u0117 kolegija, kuriai pirmininkavo tuometin\u0117s Lietuvos TSR Ministr\u0173 tarybos pirmininko pavaduotojas A. Drobnys. Buvo sudaryta Mokslin\u0117 komisija, kuriai vadovavo \u017eym\u016bs geografai prof. V. Chomskis (1996\u20131976), prof. A. Basalykas (1977\u20131986), prof. \u010c. Kudaba (1987\u20131995). Atlaso mokslinis sekretorius buvo prof. V. Dvareckas. Kartografijos laboratorijos specialistai dalyvavo ir Fizin\u0117s geografijos ir kartografijos katedros studij\u0173 procese, dirbo mokslin\u012f darb\u0105, formavo savit\u0105 Lietuvos temin\u0117s kartografijos tradicij\u0105.\u00a0 1995 metais Kartografijos laboratorija\u00a0 buvo apjungta su Vilniaus universiteto Gamtos moksl\u0173 fakulteto In\u017einerin\u0117s fotogrametrijos laboratorija \u012f Vilniaus universiteto Gamtos moksl\u0173 fakulteto Kartografijos centr\u0105.<\/p>\r\n<br \/>\r\n<br \/>\r\n<\/article>\r\n<\/div>\r\n<\/div>\r\n<\/section>\r\n<section class=\"section-content grid-container\">\r\n<div class=\"grid-x grid-margin-x\">\r\n<div class=\"cell medium-6\"><img src=\"https:\/\/lietuvoskartografija.lt\/metrastis\/wp-content\/uploads\/2018\/12\/LKD_svetainei_KLAB_3.jpg\" alt=\"Space\" \/><br \/>\r\n<br \/>\r\n<img src=\"https:\/\/lietuvoskartografija.lt\/metrastis\/wp-content\/uploads\/2018\/12\/LKD_svetainei_KLAB_4.jpg\" alt=\"Space\" \/><\/div>\r\n<div class=\"cell medium-6\">\r\n<article class=\"article-about-simple\">\r\n<h3>Pagrindiniai leidiniai ir k\u016briniai<\/h3>\r\n<ul>\r\n\t<li>V. Chomskis. Kartografija. Vilnius, 1979<\/li>\r\n\t<li>Lietuvos TSR atlasas. 1981 m. Minskas. U\u017e \u0161io leidinio parengim\u0105 suteikta Valstybin\u0117 premija.<\/li>\r\n\t<li>Lietuvos istorijos atlaso \u017eem\u0117lapi\u0173 autoriniai maketai. 1982\u20131989.<\/li>\r\n<\/ul>\r\n<h3>\u00a0<\/h3>\r\n<h3>Susij\u0119 \u017emon\u0117s<\/h3>\r\n<ul>\r\n\t<li>A. Samas. Vadovas (1966\u20131971)<\/li>\r\n\t<li>P. Gau\u010das. Vadovas (1972\u20131990; 1993\u20131994)<\/li>\r\n\t<li>Dr. J. Milius. Vadovas (1991\u20131992);<\/li>\r\n\t<li>Dr. A. Pilipaitis. Vadovas (1995\u20131995)<\/li>\r\n\t<li>Prof. habil. dr. V. Vainauskas. Mokslinis konsultantas<\/li>\r\n\t<li>R. Vil\u016bnas. Mokslinis vadovas (1969\u20131977)<\/li>\r\n\t<li>Prof. habil. dr. \u010c. Kudaba. Mokslinis vadovas (1977\u20131995)<\/li>\r\n<\/ul>\r\n<\/article>\r\n<\/div>\r\n<div class=\"adbox-left\"><a href=\"https:\/\/100lietuvoszemelapiu.lt\">100lietuvoszemelapiu.lt<\/a><\/div>\r\n<\/div>\r\n<\/section>","protected":false},"excerpt":{"rendered":"Kartografijos laboratorija Laboratorijos tikslas buvo pirmojo Lietuvos kompleksinio atlaso rengimas. \u00a0 Lietuvos kartograf\u0173 draugija Apie laboratorij\u0105 trumpai 1966 m. 1995 m. Kartografijos laboratorija buvo \u012fsteigta LKP CK ir Lietuvos TSR MT 1966-05-23 nutarimu Nr. 222 Vilniaus universiteto profesoriaus V. Chomskio iniciatyva. Laboratorija veik\u0117 prie Vilniaus universiteto Gamtos moksl\u0173 fakulteto Fizin\u0117s geografijos ir kartografijos katedros. Pagrindin\u0117 [&hellip;]","protected":false},"author":2,"featured_media":0,"parent":1590,"menu_order":0,"comment_status":"closed","ping_status":"closed","template":"","meta":[],"_links":{"self":[{"href":"https:\/\/lietuvoskartografija.lt\/metrastis\/wp-json\/wp\/v2\/pages\/1611"}],"collection":[{"href":"https:\/\/lietuvoskartografija.lt\/metrastis\/wp-json\/wp\/v2\/pages"}],"about":[{"href":"https:\/\/lietuvoskartografija.lt\/metrastis\/wp-json\/wp\/v2\/types\/page"}],"author":[{"embeddable":true,"href":"https:\/\/lietuvoskartografija.lt\/metrastis\/wp-json\/wp\/v2\/users\/2"}],"replies":[{"embeddable":true,"href":"https:\/\/lietuvoskartografija.lt\/metrastis\/wp-json\/wp\/v2\/comments?post=1611"}],"version-history":[{"count":0,"href":"https:\/\/lietuvoskartografija.lt\/metrastis\/wp-json\/wp\/v2\/pages\/1611\/revisions"}],"up":[{"embeddable":true,"href":"https:\/\/lietuvoskartografija.lt\/metrastis\/wp-json\/wp\/v2\/pages\/1590"}],"wp:attachment":[{"href":"https:\/\/lietuvoskartografija.lt\/metrastis\/wp-json\/wp\/v2\/media?parent=1611"}],"curies":[{"name":"wp","href":"https:\/\/api.w.org\/{rel}","templated":true}]}}