{"id":1607,"date":"2018-12-29T17:41:41","date_gmt":"2018-12-29T17:41:41","guid":{"rendered":"https:\/\/cartoit.com\/_hosting\/lietuvoskartografija.lt\/?page_id=1607"},"modified":"2018-12-29T17:55:54","modified_gmt":"2018-12-29T17:55:54","slug":"lietuvos-zemelapis-m-11-050-000","status":"publish","type":"page","link":"https:\/\/lietuvoskartografija.lt\/metrastis\/kuriniai\/lietuvos-zemelapis-m-11-050-000\/","title":{"rendered":"Lietuvos \u017eem\u0117lapis M 1:1 050 000"},"content":{"rendered":"<!-- Intro section -->\r\n<div id=\"intro\" class=\"single-post grid-container\">\r\n<div class=\"intro-book grid-x\">\r\n<div class=\"book-left cell medium-6\">\r\n<div class=\"content-box-middle\">\r\n<h1 class=\"headings-title\">Lietuvos \u017eem\u0117lapis, leidinio \u201eLietuvos taikos sutartis su Rusija\u201c priedas<\/h1>\r\n<h1 class=\"headings-title\"><span style=\"font-size: 18pt;\">\u201eDirvos\u201c bendrov\u0117, 1920 m.<\/span><\/h1>\r\n<p>Leidinys \u201eLietuvos taikos sutartis su Rusija\u201c \u2013 \u201eDirvos\u201c bendrov\u0117s leidinys, i\u0161leistas Marijampol\u0117je, 1920 m.\u00a0Leidinio pried\u0105 \u201eLietuvos \u017eem\u0117lapis\u201c M 1:1 050 000 sudar\u0117 pedagogas, chorvedys Albinas Ie\u0161manta (1887-1888).<\/p>\r\n<\/div>\r\n<\/div>\r\n<div class=\"book-right cell medium-6\">\r\n<div class=\"book-right-content\">\r\n<div class=\"orbit-image\" style=\"background-image: url('https:\/\/lietuvoskartografija.lt\/metrastis\/wp-content\/uploads\/2018\/12\/IESM21920_1.jpg');\">\u00a0<\/div>\r\n<\/div>\r\n<\/div>\r\n<\/div>\r\n<div class=\"adbox-left\">Lietuvos kartograf\u0173 draugija <i class=\"fi-social-facebook\"><\/i> <i class=\"fi-social-twitter\"><\/i> <i class=\"fi-social-instagram\"><\/i><\/div>\r\n<\/div>\r\n<!-- End - Intro section -->\r\n<section class=\"section-content grid-container\">\r\n<h3>Bendra informacija ir \u017eem\u0117lapio sudarymo aplinkyb\u0117s<\/h3>\r\n<div class=\"grid-x grid-margin-x \">\r\n<div class=\"cell medium-6 cell-border\">\r\n<article class=\"article-about-simple\">\r\n<div class=\"timeline-post\">\r\n<ul>\r\n\t<li>1920 m. liepos 12 d.<\/li>\r\n<\/ul>\r\n<\/div>\r\n<p>1918 m. vasario 16 d. atk\u016brus Lietuvos valstybingum\u0105, Lietuva \u012f pasaulio \u017eem\u0117lapius v\u0117l \u012fra\u0161oma kaip savo etnografin\u0117se \u017eem\u0117se atsik\u016brusi valstyb\u0117. Lietuv\u0105 de jure 1920 m. liepos 12 d. taikos sutartimi pripa\u017eino Rusija, 1922 m. \u2013 JAV, Did\u017eioji Britanija, Pranc\u016bzija, Vokietija, Italija, Japonija, Vatikanas. Lietuvos Respublikos sienos buvo nustatytos: su Rusija \u2013 1920 m. liepos 12 d., su Latvija \u2013 1921 m. kovo 20 d., su Vokietija \u2013 1928 m. sausio 29 d. Su Lenkija d\u0117l Vilniaus kra\u0161to aneksijos 1920-1939 m. abi valstybes skyr\u0117 ne kart\u0105 tikslinta demarkacijos linija.<\/p>\r\n<p>Informacija apie 1920 m. liepos 12 d. pasira\u0161yt\u0105 Lietuvos taikos sutart\u012f su Rusija pateikiama to meto leidinyje \u201eLietuvos taikos sutartis su Rusija\u201c. Svarbus \u0161io leidinio priedas &#8211; Lietuvos \u017eem\u0117lapis M 1:1 050 000.<\/p>\r\n<p>\u0160is \u017eem\u0117lapis \u2013 antras to paties \u017eem\u0117lapio pataisytas leidimas. \u017dem\u0117lapyje vaizduojama Lietuvos teritorija, pa\u017eym\u0117ta valstyb\u0117s siena. Pirmajame \u017eem\u0117lapio leidime atsispindi siekis Lietuvai priskirti didel\u0119 dal\u012f Ryt\u0173 Pr\u016bsijos teritorijos, kairiajame Nemuno krante, \u0161iaurin\u0117je Gumbin\u0117s apygardos dalyje, kur gyventoj\u0173 daugum\u0105 sudar\u0117 lietuviai. Taip pat pretenduojama \u012f paj\u016brio ruo\u017e\u0105 su Palanga ir \u0160vent\u0105ja, tuo metu priklausius\u012f Latvijai kaip buvusios Rusijos imperijos Kur\u0161o gubernijos dalis, bet nepretenduojama \u012f Suvalk\u0173 kra\u0161t\u0105. \u0160iame, antrajame, \u017eem\u0117lapio leidime nebepretenduojama \u012f Ryt\u0173 Pr\u016bsijos teritorij\u0105, suma\u017einti ketinimai d\u0117l paj\u016brio ruo\u017eo dyd\u017eio, Latvijos naudai atsisakoma pretenzij\u0173 \u012f teritorij\u0105 prie Daugpilio, ta\u010diau Lietuvai siekiama priskirti Suvalk\u0173 kra\u0161t\u0105.<\/p>\r\n<\/article>\r\n<\/div>\r\n<div class=\"cell medium-6\"><img src=\"https:\/\/lietuvoskartografija.lt\/metrastis\/wp-content\/uploads\/2018\/12\/IESM21920_1.jpg\" alt=\"Space\" \/><\/div>\r\n<\/div>\r\n<\/section>\r\n<section class=\"section-content grid-container\">\r\n<h3>\u017dem\u0117lapis ir jo svarba<\/h3>\r\n<div class=\"grid-x grid-margin-x\">\r\n<div class=\"cell medium-6\">\r\n<article class=\"article-about-simple-simple\">\r\n<p>1918 m. atk\u016brus Lietuvos valstybingum\u0105, vienas pirmaeili\u0173 atkurtos Lietuvos u\u017edavini\u0173 buvo tarpvalstybiniais susitarimais \u012fteisinti savo sienas. Rusijos ir Lietuvos vyriausybi\u0173 \u012fgaliotos komisijos\u00a0 1920 m. liepos 12 d. sutartimi nustat\u0117 rytin\u0119 Lietuvos sien\u0105 ir \u012fformino tai pagal visus tarptautin\u0117s teis\u0117s reikalavimus. Lietuvos ir Rusijos taikos sutartis tur\u0117jo nema\u017eos \u012ftakos po jos vykdytiems politiniams sprendimams.<\/p>\r\n<\/article>\r\n<\/div>\r\n<div class=\"cell medium-6 cell-border\">\r\n<article class=\"article-about-simple\">\r\n<p>Informacija apie Lietuvos taikos sutart\u012f su Rusija pateikta \u201eDirvos\u201c bendrov\u0117s leidinyje \u201cLietuvos taikos sutartis su Rusija\u201d, ir Lietuvos \u017eem\u0117lapis M 1:1 050 000 yra \u0161io svarbaus leidinio priedas, valstyb\u0117s sien\u0105 rodantis dokumentas.<\/p>\r\n<br \/>\r\n<br \/>\r\n<\/article>\r\n<\/div>\r\n<\/div>\r\n<\/section>\r\n<section class=\"section-content grid-container\">\r\n<div class=\"grid-x grid-margin-x\">\r\n<div class=\"cell medium-6\"><img src=\"https:\/\/lietuvoskartografija.lt\/metrastis\/wp-content\/uploads\/2018\/12\/SUT1920_1.png\" alt=\"Space\" \/><\/div>\r\n<div class=\"cell medium-6\">\r\n<article class=\"article-about-simple\">\r\n<h3>Nuorodos<\/h3>\r\n<ul>\r\n\t<li><a href=\"http:\/\/www.lnm.lt\/lietuva-zemelapiuose-virtuali-paroda\/\">lnm.lt<\/a><\/li>\r\n\t<li><a href=\"http:\/\/www.archyvai.lt\/lt\/fondai\/asmenu_dokumentu_fondai\/lcva_fr562_pazyma.html\">archyvai.lt<\/a><\/li>\r\n\t<li><a href=\"https:\/\/www.tandfonline.com\/doi\/pdf\/10.1080\/13921541.1996.10552761\">tandfonline.com<\/a><\/li>\r\n<\/ul>\r\n<\/article>\r\n<\/div>\r\n<div class=\"adbox-left\"><a href=\"https:\/\/100lietuvoszemelapiu.lt\">100lietuvoszemelapiu.lt<\/a><\/div>\r\n<\/div>\r\n<\/section>","protected":false},"excerpt":{"rendered":"Lietuvos \u017eem\u0117lapis, leidinio \u201eLietuvos taikos sutartis su Rusija\u201c priedas \u201eDirvos\u201c bendrov\u0117, 1920 m. Leidinys \u201eLietuvos taikos sutartis su Rusija\u201c \u2013 \u201eDirvos\u201c bendrov\u0117s leidinys, i\u0161leistas Marijampol\u0117je, 1920 m.\u00a0Leidinio pried\u0105 \u201eLietuvos \u017eem\u0117lapis\u201c M 1:1 050 000 sudar\u0117 pedagogas, chorvedys Albinas Ie\u0161manta (1887-1888). \u00a0 Lietuvos kartograf\u0173 draugija Bendra informacija ir \u017eem\u0117lapio sudarymo aplinkyb\u0117s 1920 m. liepos 12 d. [&hellip;]","protected":false},"author":2,"featured_media":0,"parent":1592,"menu_order":0,"comment_status":"closed","ping_status":"closed","template":"","meta":[],"_links":{"self":[{"href":"https:\/\/lietuvoskartografija.lt\/metrastis\/wp-json\/wp\/v2\/pages\/1607"}],"collection":[{"href":"https:\/\/lietuvoskartografija.lt\/metrastis\/wp-json\/wp\/v2\/pages"}],"about":[{"href":"https:\/\/lietuvoskartografija.lt\/metrastis\/wp-json\/wp\/v2\/types\/page"}],"author":[{"embeddable":true,"href":"https:\/\/lietuvoskartografija.lt\/metrastis\/wp-json\/wp\/v2\/users\/2"}],"replies":[{"embeddable":true,"href":"https:\/\/lietuvoskartografija.lt\/metrastis\/wp-json\/wp\/v2\/comments?post=1607"}],"version-history":[{"count":1,"href":"https:\/\/lietuvoskartografija.lt\/metrastis\/wp-json\/wp\/v2\/pages\/1607\/revisions"}],"predecessor-version":[{"id":1610,"href":"https:\/\/lietuvoskartografija.lt\/metrastis\/wp-json\/wp\/v2\/pages\/1607\/revisions\/1610"}],"up":[{"embeddable":true,"href":"https:\/\/lietuvoskartografija.lt\/metrastis\/wp-json\/wp\/v2\/pages\/1592"}],"wp:attachment":[{"href":"https:\/\/lietuvoskartografija.lt\/metrastis\/wp-json\/wp\/v2\/media?parent=1607"}],"curies":[{"name":"wp","href":"https:\/\/api.w.org\/{rel}","templated":true}]}}