{"id":1593,"date":"2018-12-22T17:36:31","date_gmt":"2018-12-22T17:36:31","guid":{"rendered":"https:\/\/cartoit.com\/_hosting\/lietuvoskartografija.lt\/?page_id=1593"},"modified":"2018-12-29T17:22:13","modified_gmt":"2018-12-29T17:22:13","slug":"lietuvos-zemelapis-m-1-400-000-a-kriksciunas-1933-m","status":"publish","type":"page","link":"https:\/\/lietuvoskartografija.lt\/metrastis\/kuriniai\/lietuvos-zemelapis-m-1-400-000-a-kriksciunas-1933-m\/","title":{"rendered":"Lietuvos \u017eem\u0117lapis M 1: 400 000 (A. Krik\u0161\u010di\u016bnas, 1933 m.)"},"content":{"rendered":"<!-- Intro section -->\r\n<div id=\"intro\" class=\"single-post grid-container\">\r\n<div class=\"intro-book grid-x\">\r\n<div class=\"book-left cell medium-6\">\r\n<div class=\"content-box-middle\">\r\n<h1 class=\"headings-title\">Lietuvos \u017eem\u0117lapis <span style=\"white-space: nowrap;\">M 1:400 000<\/span><\/h1>\r\n<h1 class=\"headings-title\"><span style=\"font-size: 18pt;\">A. Krik\u0161\u010di\u016bnas, 1933 m.<\/span><\/h1>\r\n<p class=\"headings-p\">\u017dem\u0117lapis apima vis\u0105 Lietuvos teritorij\u0105 ir besiribojan\u010di\u0173 valstybi\u0173 pakra\u0161\u010dius. Rytin\u0117 Lietuvos siena i\u0161vesta pagal 1920 m. liepos 12 d. Taikos sutart\u012f su soviet\u0173 Rusija.<\/p>\r\n<\/div>\r\n<\/div>\r\n<div class=\"book-right cell medium-6\">\r\n<div class=\"book-right-content\">\r\n<div class=\"orbit-image\" style=\"background-image: url('https:\/\/lietuvoskartografija.lt\/metrastis\/wp-content\/uploads\/2018\/12\/KRIKS1933_1-1.jpg');\">\u00a0<\/div>\r\n<\/div>\r\n<\/div>\r\n<\/div>\r\n<div class=\"adbox-left\">Lietuvos kartograf\u0173 draugija <i class=\"fi-social-facebook\"><\/i> <i class=\"fi-social-twitter\"><\/i> <i class=\"fi-social-instagram\"><\/i><\/div>\r\n<\/div>\r\n<!-- End - Intro section -->\r\n<section class=\"section-content grid-container\">\r\n<h3>Bendra informacija ir \u017eem\u0117lapio sudarymo aplinkyb\u0117s<\/h3>\r\n<div class=\"grid-x grid-margin-x \">\r\n<div class=\"cell medium-6 cell-border\">\r\n<article class=\"article-about-simple\">\r\n<div class=\"timeline-post\">\r\n<ul>\r\n\t<li>1933 m.<\/li>\r\n<\/ul>\r\n<\/div>\r\n<p>Tarpukariu Lietuvos kra\u0161to apsaugos ministerijos Vyriausiojo \u0161tabo Karo topografijos skyrius, vadovaujamas A. Krik\u0161\u010di\u016bno, 1933 m. i\u0161leido 1:400 000 mastelio \u201eLietuvos \u017eem\u0117lap\u012f\u201c, kuris buvo skirtas valdymo \u016bkio organizavimo, mokslo tyrimo ir turizmo bei visuomeniniams tikslams. Skyriaus vir\u0161ininkas A. Krik\u0161\u010di\u016bnas buvo ir \u0161io \u017eem\u0117lapio redaktorius.<\/p>\r\n<p>Sudarant \u017eem\u0117lap\u012f naudotasi rus\u0173 M 1:84 000 ir vokie\u010di\u0173 M 1:100 000 \u017eem\u0117lapiais, nes lietuvi\u0161kas M1:100 000 \u017eem\u0117lapis tebuvo prad\u0117tas rengti.<\/p>\r\n<p>Kra\u0161to reikalams buvo leid\u017eiami lietuvi\u0161ki \u017eem\u0117lapiai: visi darbai nuo nuotrauk\u0173 lauke iki spausdinimo buvo atliekami Lietuvoje, Lietuvos specialist\u0173, \u017eem\u0117lapyje vartojant lietuvi\u0161kus vietovard\u017eius. Daug darbo \u012fd\u0117ta, kol buvo i\u0161ugdyta jaunoji kalbinink\u0173 karta, kuri talkininkavo apdorojant suslavintus vietovard\u017eius.<\/p>\r\n<p>1:400 000 mastelio \u201eLietuvos \u017eem\u0117lapis\u201c atspaustas litografijos b\u016bdu ant dviej\u0173 suklijuojam\u0173 lap\u0173. \u017dem\u0117lapio matmenys 100,3x 95,5 cm.<\/p>\r\n<\/article>\r\n<\/div>\r\n<div class=\"cell medium-6 img-collage-2x\">\r\n<div class=\"img-column\"><img src=\"https:\/\/lietuvoskartografija.lt\/metrastis\/wp-content\/uploads\/2018\/12\/KRIKS_1.jpg\" alt=\"Space\" \/><\/div>\r\n<div class=\"img-column\"><img src=\"https:\/\/lietuvoskartografija.lt\/metrastis\/wp-content\/uploads\/2018\/12\/KRIKSVAD_1.png\" alt=\"Space\" \/><\/div>\r\n<\/div>\r\n<\/div>\r\n<\/section>\r\n<section class=\"section-content grid-container\">\r\n<h3>\u017dem\u0117lapis ir jo svarba<\/h3>\r\n<div class=\"grid-x grid-margin-x\">\r\n<div class=\"cell medium-6\">\r\n<article class=\"article-about-simple-simple\">\r\n<p>Kaip ra\u0161oma to meto spaudoje, \u201e&#8230;\u017dem\u0117lapio kaina labai pigi, pavyzd\u017eiui, Friederichsen\u2019o 1:750 000 \u017eem\u0117lapis ka\u0161tuoja bene 10 lit\u0173. Be did\u017ei\u0173j\u0173 centr\u0173, \u017eem\u0117lapyje su\u017eym\u0117ti mieteliai, ba\u017enytkaimiai, vals\u010di\u0173 buvein\u0117s, didesnieji kaimai ir kai kurie svarbieji vienkiemiai. Mi\u0161kai d\u0117l masto smulkumo pa\u017eym\u0117ti apibendrintai, up\u0117s, upeliai ir e\u017eerai tiksliai sur\u016b\u0161iuoti ir svarbiausi j\u0173 pa\u017eym\u0117ti. Vietovard\u017eiai para\u0161yti teisinga ra\u0161om\u0105ja kalba, tik d\u0117l vieno kito kyla ma\u017e\u0173 abejojim\u0173, pav. para\u0161yta, \u201e\u0160irvintai\u201d (ne \u0160irvintos), \u201ePaj\u016bralis\u201d ir kai kurie kiti. Bet m\u016bs\u0173 vietovard\u017ei\u0173 ra\u0161yba tiek nenusistojus, jog sunku kartais ir pasakyti, kaip teisingiau para\u0161yti.\u201d<\/p>\r\n<\/article>\r\n<\/div>\r\n<div class=\"cell medium-6 cell-border\">\r\n<article class=\"article-about-simple\">\r\n<p>I\u0161leisti 5 \u017eem\u0117lapio variantai (serijos), besiskirian\u010dios pateikiamos informacijos kiekiu, spalv\u0173 kiekiu.<\/p>\r\n<p>Kaip toliau ra\u0161oma min\u0117tame \u0161altinyje, \u201e&#8230;Tai yra pirmas visos Lietuvos \u017eem\u0117lapis, pagamintas pagal visas kartografijos taisykles, ko labai tr\u016bko visiems iki \u0161io laiko i\u0161leistiems\u201c.<\/p>\r\n<p>Rengiant \u0161\u012f \u017eem\u0117lap\u012f ypa\u010d daug d\u0117mesio buvo skiriama vietovard\u017ei\u0173 norminimui. \u0160is lietuvi\u0161kas \u017eem\u0117lapis stiprino \u0161alies pilie\u010di\u0173 s\u0105mon\u0117je nepriklausomos Lietuvos \u012fvaizd\u012f.\u00a0<\/p>\r\n<br \/>\r\n<br \/>\r\n<\/article>\r\n<\/div>\r\n<\/div>\r\n<\/section>\r\n<section class=\"section-content grid-container\">\r\n<div class=\"grid-x grid-margin-x\">\r\n<div class=\"cell medium-6 img-collage-2x\">\r\n<div class=\"img-column\"><img src=\"https:\/\/lietuvoskartografija.lt\/metrastis\/wp-content\/uploads\/2018\/12\/KRIKSRAP_1.png\" alt=\"Space\" \/><\/div>\r\n<div class=\"img-column\"><img src=\"https:\/\/lietuvoskartografija.lt\/metrastis\/wp-content\/uploads\/2018\/12\/KRIKSKARD_1.png\" alt=\"Space\" \/><\/div>\r\n<\/div>\r\n<div class=\"cell medium-6\">\r\n<article class=\"article-about-simple\">\r\n<h3>Nuorodos<\/h3>\r\n<ul>\r\n\t<li><a href=\"http:\/\/partizanai.org\/karys-1962m-9-10\/5327-plk-antanas-kriksciunas\">partizanai.org<\/a><\/li>\r\n\t<li><a href=\"http:\/\/www.epaveldas.lt\/vbspi\/showImage.do?id=DOC_O_4348_1&amp;biRecordId=2338\">epaveldas.lt<\/a><\/li>\r\n\t<li><a href=\"http:\/\/www.elibrary.lt\">elibrary.lt<\/a><\/li>\r\n\t<li><a href=\"http:\/\/maps4u.lt\/lt\/maps.php?img=1_400K_B_&amp;w=600&amp;h=400&amp;cat=16\">maps4u.lt<\/a><\/li>\r\n<\/ul>\r\n<\/article>\r\n<\/div>\r\n<div class=\"adbox-left\"><a href=\"https:\/\/100lietuvoszemelapiu.lt\">100lietuvoszemelapiu.lt<\/a><\/div>\r\n<\/div>\r\n<\/section>\r\n<section class=\"section-content grid-container\">\r\n<div class=\"grid-x grid-margin-x\">\r\n<div class=\"cell\"><img class=\"aligncenter\" src=\"https:\/\/lietuvoskartografija.lt\/metrastis\/wp-content\/uploads\/2018\/12\/KRIKS1933_1-1.jpg\" alt=\"Space\" \/><\/div>\r\n<\/div>\r\n<\/section>","protected":false},"excerpt":{"rendered":"Lietuvos \u017eem\u0117lapis M 1:400 000 A. Krik\u0161\u010di\u016bnas, 1933 m. \u017dem\u0117lapis apima vis\u0105 Lietuvos teritorij\u0105 ir besiribojan\u010di\u0173 valstybi\u0173 pakra\u0161\u010dius. Rytin\u0117 Lietuvos siena i\u0161vesta pagal 1920 m. liepos 12 d. Taikos sutart\u012f su soviet\u0173 Rusija. \u00a0 Lietuvos kartograf\u0173 draugija Bendra informacija ir \u017eem\u0117lapio sudarymo aplinkyb\u0117s 1933 m. Tarpukariu Lietuvos kra\u0161to apsaugos ministerijos Vyriausiojo \u0161tabo Karo topografijos skyrius, [&hellip;]","protected":false},"author":2,"featured_media":0,"parent":1592,"menu_order":0,"comment_status":"closed","ping_status":"closed","template":"","meta":[],"_links":{"self":[{"href":"https:\/\/lietuvoskartografija.lt\/metrastis\/wp-json\/wp\/v2\/pages\/1593"}],"collection":[{"href":"https:\/\/lietuvoskartografija.lt\/metrastis\/wp-json\/wp\/v2\/pages"}],"about":[{"href":"https:\/\/lietuvoskartografija.lt\/metrastis\/wp-json\/wp\/v2\/types\/page"}],"author":[{"embeddable":true,"href":"https:\/\/lietuvoskartografija.lt\/metrastis\/wp-json\/wp\/v2\/users\/2"}],"replies":[{"embeddable":true,"href":"https:\/\/lietuvoskartografija.lt\/metrastis\/wp-json\/wp\/v2\/comments?post=1593"}],"version-history":[{"count":0,"href":"https:\/\/lietuvoskartografija.lt\/metrastis\/wp-json\/wp\/v2\/pages\/1593\/revisions"}],"up":[{"embeddable":true,"href":"https:\/\/lietuvoskartografija.lt\/metrastis\/wp-json\/wp\/v2\/pages\/1592"}],"wp:attachment":[{"href":"https:\/\/lietuvoskartografija.lt\/metrastis\/wp-json\/wp\/v2\/media?parent=1593"}],"curies":[{"name":"wp","href":"https:\/\/api.w.org\/{rel}","templated":true}]}}