{"id":1592,"date":"2018-12-22T17:32:59","date_gmt":"2018-12-22T17:32:59","guid":{"rendered":"https:\/\/cartoit.com\/_hosting\/lietuvoskartografija.lt\/?page_id=1592"},"modified":"2020-10-18T14:12:31","modified_gmt":"2020-10-18T14:12:31","slug":"kuriniai","status":"publish","type":"page","link":"https:\/\/lietuvoskartografija.lt\/metrastis\/kuriniai\/","title":{"rendered":"K\u016briniai"},"content":{"rendered":"<div id=\"intro\" class=\"page single-page grid-container\">\r\n<div class=\"intro-book grid-x\">\r\n<div class=\"book-left cell medium-6\">\r\n<div class=\"content-box-middle\">\r\n<h1 class=\"headings-title\">\u017dymiausi kartografiniai k\u016briniai<\/h1>\r\n<p class=\"headings-p\">\u0160iame s\u0105ra\u0161e &#8211; Lietuvos kartograf\u0173 sudaryti ir did\u017eiausi\u0105 istorin\u0119, kult\u016brin\u0119, tautin\u0119 vert\u0119 turintys \u017eem\u0117lapiai.<\/p>\r\n\r\n<\/div>\r\n<\/div>\r\n<div class=\"book-right cell medium-6\">\r\n<div class=\"book-right-content\">\r\n<div class=\"orbit-image\" style=\"background-image: url('https:\/\/lietuvoskartografija.lt\/metrastis\/wp-content\/uploads\/2018\/12\/LKD_svetainei_KLAB_1.jpg');\"><\/div>\r\n<\/div>\r\n<\/div>\r\n<\/div>\r\n<div class=\"adbox-left\">Lietuvos kartograf\u0173 draugija <i class=\"fi-social-facebook\"><\/i> <i class=\"fi-social-twitter\"><\/i> <i class=\"fi-social-instagram\"><\/i><\/div>\r\n<\/div>\r\n<!-- End - Intro section --><!-- Timeline section -->\r\n<div class=\"timeline single-page grid-container\">\r\n<div class=\"timeline-content\"><article class=\"timeline-article grid-x\">\r\n<div class=\"timeline-left cell cell-first small-6\"><header>\r\n<h2>1920 m.<\/h2>\r\n<h3>Lietuvos \u017eem\u0117lapis, leidinio \u201eLietuvos taikos sutartis su Rusija\u201c priedas<\/h3>\r\n<\/header>\r\n<div class=\"timeline-article-content headings-p-small\">\r\n\r\nA. Vireli\u016bno sudarytas sieninis mokyklinis ap\u017evalginis \u017eem\u0117lapis skirtas geografijos mokymosi procesui \u012ftvirtinti.<br class=\"blank\" \/><br class=\"blank\" \/><a href=\"https:\/\/lietuvoskartografija.lt\/metrastis\/kuriniai\/lietuvos-zemelapis-m-11-050-000\/\">Skaityti daugiau<\/a>\r\n\r\n<\/div>\r\n<\/div>\r\n<div class=\"timeline-dot timeline-dot-first\"><\/div>\r\n<div class=\"timeline-right cell cell-first small-6\"><img style=\"width: 35rem;\" src=\"https:\/\/lietuvoskartografija.lt\/metrastis\/wp-content\/uploads\/2018\/12\/IESM21920_1.jpg\" alt=\"Space\" \/><\/div>\r\n<\/article><article class=\"timeline-article grid-x\">\r\n<div class=\"timeline-left cell small-6\"><img src=\"https:\/\/lietuvoskartografija.lt\/metrastis\/wp-content\/uploads\/2018\/12\/VIR1930_1.jpeg\" alt=\"Space\" \/><\/div>\r\n<div class=\"timeline-dot\"><\/div>\r\n<div class=\"timeline-right cell small-6\"><header>\r\n<h2>1930 m.<\/h2>\r\n<h3>Mokyklinis Lietuvos \u017eem\u0117lapis M 1:300 000<\/h3>\r\n<\/header>\r\n<div class=\"timeline-article-content headings-p-small\">\r\n\r\nA. Vireli\u016bno sudarytas sieninis mokyklinis ap\u017evalginis \u017eem\u0117lapis skirtas geografijos mokymosi procesui \u012ftvirtinti.<br class=\"blank\" \/><br class=\"blank\" \/><a href=\"https:\/\/lietuvoskartografija.lt\/metrastis\/kuriniai\/sieninis-mokyklinis-apzvalginis-lietuvos-zemelapis-m-1100-000-a-vireliunas-1930-m\/\">Skaityti daugiau<\/a>\r\n\r\n<\/div>\r\n<\/div>\r\n<\/article><article class=\"timeline-article grid-x\">\r\n<div class=\"timeline-left cell small-6\"><header>\r\n<h2>1933 m.<\/h2>\r\n<h3>Lietuvos \u017eem\u0117lapis M 1:400 000<\/h3>\r\n<\/header>\r\n<div class=\"timeline-article-content headings-p-small\">\r\n\r\nA. Krik\u0161\u010di\u016bno \u017eem\u0117lapis &#8211; tai \u201epirmas visos Lietuvos \u017eem\u0117lapis, pagamintas pagal visas kartografijos taisykles, ko labai tr\u016bko visiems iki \u0161io laiko i\u0161leistiems\u201c.<br class=\"blank\" \/><br class=\"blank\" \/><a href=\"https:\/\/lietuvoskartografija.lt\/metrastis\/kuriniai\/lietuvos-zemelapis-m-1-400-000-a-kriksciunas-1933-m\/\">Skaityti daugiau<\/a>\r\n\r\n<\/div>\r\n<\/div>\r\n<div class=\"timeline-dot\"><\/div>\r\n<div class=\"timeline-right cell small-6\"><img style=\"width: 35rem;\" src=\"https:\/\/lietuvoskartografija.lt\/metrastis\/wp-content\/uploads\/2018\/12\/KRIKS1933_1-1.jpg\" alt=\"Space\" \/><\/div>\r\n<\/article><\/div>\r\n<\/div>","protected":false},"excerpt":{"rendered":"\u017dymiausi kartografiniai k\u016briniai \u0160iame s\u0105ra\u0161e &#8211; Lietuvos kartograf\u0173 sudaryti ir did\u017eiausi\u0105 istorin\u0119, kult\u016brin\u0119, tautin\u0119 vert\u0119 turintys \u017eem\u0117lapiai. Lietuvos kartograf\u0173 draugija 1920 m. Lietuvos \u017eem\u0117lapis, leidinio \u201eLietuvos taikos sutartis su Rusija\u201c priedas A. Vireli\u016bno sudarytas sieninis mokyklinis ap\u017evalginis \u017eem\u0117lapis skirtas geografijos mokymosi procesui \u012ftvirtinti.Skaityti daugiau 1930 m. Mokyklinis Lietuvos \u017eem\u0117lapis M 1:300 000 A. Vireli\u016bno sudarytas [&hellip;]","protected":false},"author":2,"featured_media":0,"parent":0,"menu_order":0,"comment_status":"closed","ping_status":"closed","template":"","meta":[],"_links":{"self":[{"href":"https:\/\/lietuvoskartografija.lt\/metrastis\/wp-json\/wp\/v2\/pages\/1592"}],"collection":[{"href":"https:\/\/lietuvoskartografija.lt\/metrastis\/wp-json\/wp\/v2\/pages"}],"about":[{"href":"https:\/\/lietuvoskartografija.lt\/metrastis\/wp-json\/wp\/v2\/types\/page"}],"author":[{"embeddable":true,"href":"https:\/\/lietuvoskartografija.lt\/metrastis\/wp-json\/wp\/v2\/users\/2"}],"replies":[{"embeddable":true,"href":"https:\/\/lietuvoskartografija.lt\/metrastis\/wp-json\/wp\/v2\/comments?post=1592"}],"version-history":[{"count":5,"href":"https:\/\/lietuvoskartografija.lt\/metrastis\/wp-json\/wp\/v2\/pages\/1592\/revisions"}],"predecessor-version":[{"id":1778,"href":"https:\/\/lietuvoskartografija.lt\/metrastis\/wp-json\/wp\/v2\/pages\/1592\/revisions\/1778"}],"wp:attachment":[{"href":"https:\/\/lietuvoskartografija.lt\/metrastis\/wp-json\/wp\/v2\/media?parent=1592"}],"curies":[{"name":"wp","href":"https:\/\/api.w.org\/{rel}","templated":true}]}}