{"id":1584,"date":"2018-12-09T15:24:21","date_gmt":"2018-12-09T15:24:21","guid":{"rendered":"https:\/\/cartoit.com\/_hosting\/lietuvoskartografija.lt\/?page_id=1584"},"modified":"2019-01-13T16:42:06","modified_gmt":"2019-01-13T16:42:06","slug":"mikalojus-kristupas-radvila-naslaitelis","status":"publish","type":"page","link":"https:\/\/lietuvoskartografija.lt\/metrastis\/asmenybes\/mikalojus-kristupas-radvila-naslaitelis\/","title":{"rendered":"Mikalojus Kristupas Radvila Na\u0161lait\u0117lis"},"content":{"rendered":"<div id=\"intro\" class=\"single-post grid-container\">\r\n<div class=\"intro-book grid-x\">\r\n<div class=\"book-left cell medium-6\">\r\n<div class=\"content-box-middle\">\r\n<h1 class=\"headings-title\">Mikalojus Kristupas Radvila\u00a0Na\u0161lait\u0117lis<\/h1>\r\n<p class=\"headings-p\">M. K. Radvila Na\u0161lait\u0117lis organizavo LDK lauko kartografavim\u0105 bei valstyb\u0117s \u017eem\u0117lapio sudarym\u0105.<\/p>\r\n\r\n<\/div>\r\n<\/div>\r\n<div class=\"book-right cell medium-6\">\r\n<div class=\"book-right-content\">\r\n<div class=\"orbit-image\" style=\"background-image: url('https:\/\/lietuvoskartografija.lt\/metrastis\/wp-content\/uploads\/2018\/12\/RADV_1.jpg');\"><\/div>\r\n<\/div>\r\n<\/div>\r\n<\/div>\r\n<div class=\"adbox-left\">Lietuvos kartograf\u0173 draugija <i class=\"fi-social-facebook\"><\/i> <i class=\"fi-social-twitter\"><\/i> <i class=\"fi-social-instagram\"><\/i><\/div>\r\n<\/div>\r\n<!-- End - Intro section -->\r\n\r\n<section class=\"section-content grid-container\">\r\n<h3>Apie M. K. Radvila Na\u0161lait\u0117lis<\/h3>\r\n<div class=\"grid-x grid-margin-x \">\r\n<div class=\"cell medium-6 cell-border\"><article class=\"article-about-simple\">\r\n<div class=\"timeline-post\">\r\n<ul>\r\n \t<li>1549 m.<\/li>\r\n \t<li>1616 m.<\/li>\r\n<\/ul>\r\n<\/div>\r\n<\/article><\/div>\r\n<div class=\"cell medium-6\"><article class=\"article-about-simple\">M. K. Radvila Na\u0161lait\u0117lis gim\u0117 1549 m. rugpj\u016b\u010dio 2 d. \u017eymaus valstyb\u0117s ir reformat\u0173 veik\u0117jo Mikalojaus Radvilos Juodojo \u0161eimoje.Trisde\u0161imties met\u0173 M. K. Radvila aktyviai \u012fsijung\u0117 \u012f politin\u0119 ir valstybin\u0119 veikl\u0105. Tapo did\u017eiojo kunigaik\u0161\u010dio r\u016bm\u0173 mar\u0161alka, po to \u00ad- LDK did\u017eiuoju mar\u0161alka, Trak\u0173 vaivada, Vilniaus vaivada.\r\n\r\nPolocko kautyn\u0117se M. K. Radvila buvo sunkiai su\u017eeistas \u012f galv\u0105. \u0160i nelaim\u0117 j\u012f galutinai susiejo su katalik\u0173 ba\u017eny\u010dia. Religin\u0117s kelion\u0117s \u012f Jeruzal\u0119 metu aplank\u0117 daug \u0161ali\u0173, surinko geografini\u0173, archeologini\u0173, etnografini\u0173, politini\u0173, ekonomini\u0173, architekt\u016bros ir diplomatijos \u017eini\u0173.\r\n\r\n<\/article><\/div>\r\n<\/div>\r\n<\/section><section class=\"section-content grid-container\">\r\n<h3>Veikla kartografijoje<\/h3>\r\n<div class=\"grid-x grid-margin-x\">\r\n<div class=\"cell medium-6\"><article class=\"article-about-simple-simple\">XVI a. prekybos ry\u0161iai su Vakar\u0173 Europos \u0161alimis vert\u0117 LDK gerinti vandens kelius, racionaliau tvarkyti \u017eem\u0117s ir mi\u0161k\u0173 \u016bk\u012f. Itin svarbi kartografija buvo karo reikm\u0117ms. Esama kartografin\u0117 med\u017eiaga nebetenkino tikslumo ir aktualumo reikalavim\u0173. Buvo akivaizdus naujo \u017eem\u0117lapio sudarymo poreikis.Naujo \u017eem\u0117lapio rengimo aktyviausias iniciatorius, kartografavimo organizatorius bei t\u0173 darb\u0173 finansuotojas buvo Lietuvos did\u017eiosios kunigaik\u0161tyst\u0117s didikas M.K. Radvila Na\u0161lait\u0117lis.\r\n\r\n1590 m. M. K. Radvila organizavo LDK lauko kartografavim\u0105 bei valstyb\u0117s \u017eem\u0117lapio sudarym\u0105 ir tiems darbams vadovavo. Iki 1613 m. baigti visi darbai ir i\u0161leistas \u017eem\u0117lapis.\r\n\r\n<\/article><\/div>\r\n<div class=\"cell medium-6 cell-border\"><article class=\"article-about-simple\">Kaip buvo atliekas lauko kartografavimas, nevisi\u0161kai ai\u0161ku. \u017dem\u0117lapio tyrin\u0117tojai nustat\u0117, kad kai kuri\u0173 region\u0173 geografini\u0173 objekt\u0173 pad\u0117tis net tris kartus tikslesn\u0117 negu ankstesni\u0173j\u0173 autori\u0173 \u017eem\u0117lapiuose. Tai \u012frodo, kad vietomis gal\u0117jo b\u016bti daromos matavimu paremtos nuotraukosKruop\u0161tus didel\u0117s teritorijos topografinis tyrin\u0117jimas per ilgai u\u017etruko. M. K. Radvila buvo priverstas ie\u0161koti b\u016bd\u0173 paspartinti darb\u0105. Tik\u0117tina, jog buvo pereita prie vietov\u0117s topografinio apra\u0161ymo, daromos atstumo tarp gyvenvie\u010di\u0173 lentel\u0117s ir vietov\u0117s schemos. Supaprastinus metodik\u0105, darbas paspart\u0117jo, bet tikslumas nukent\u0117jo.\r\n\r\nTyrin\u0117jim\u0173 rezultatas &#8211; 1613 m. sudarytas ir Amsterdame i\u0161leistas vienas tiksliausi\u0173 tuo metu LDK \u017eem\u0117lapis. Dabar \u017eem\u0117lapis laikomas vienas i\u0161 geriausi\u0173 renesanso kartografini\u0173 k\u016brini\u0173.\r\n\r\n<\/article><\/div>\r\n<\/div>\r\n<\/section><section class=\"section-content grid-container\">\r\n<div class=\"grid-x grid-margin-x\">\r\n<div class=\"cell medium-6\"><a href=\"https:\/\/lietuvoskartografija.lt\/metrastis\/wp-content\/uploads\/2018\/12\/LDK1613_1.jpg\"><img loading=\"lazy\" class=\"aligncenter\" src=\"https:\/\/lietuvoskartografija.lt\/metrastis\/wp-content\/uploads\/2018\/12\/LDK1613_1.jpg\" alt=\"Space\" width=\"1200\" height=\"948\" \/><\/a><\/div>\r\n<div class=\"cell medium-6\"><article class=\"article-about-simple\">\r\n<h3>1613 m. LDK \u017eem\u0117lapis<\/h3>\r\nStudijuodamas u\u017esienyje M K. Radvila susitikin\u0117davo ir bendraudavo su t\u0173 \u0161ali\u0173 i\u0161silavinusiais \u017emon\u0117mis. Jis pasteb\u0117jo, kad \u0161ie jo bi\u010diuliai ma\u017eai \u017eino apie Lietuv\u0105 arba yra prisiskait\u0119 klaidinan\u010dios informacijos. Siekdamas u\u017ekirsti keli\u0105 klaidinan\u010diai informacijai , M. K. Radvila paved\u0117 T. Makovskiui para\u0161yti Lietuvos geografin\u0119 ir istorin\u0119 apybrai\u017e\u0105, kuri\u0105 i\u0161spausdino po \u017eem\u0117lapiu.\r\n\r\nNors M. K Radvila tur\u0117jo savo spaustuv\u0119 ir grafikos specialist\u0105 T. Makovsk\u012f, ta\u010diau \u017eem\u0117lap\u012f rengti spaudai ir j\u012f spausdinti atidav\u0117 Amsterdamo meistrams, nes tik\u0117josi\u00a0 kad Amsterdame i\u0161leistas darbas bus vertingesnis ir populiaresnis. Toks sprendimas pasiteisino. U\u017esakym\u0105 pri\u0117m\u0117 V. Jansono \u012fmon\u0117, \u017eem\u0117lap\u012f rai\u017eyti sutiko G. Hesesis. \u00a0Taip 1613 m. buvo atspausdintas beveik ketvirt\u012f am\u017eiaus kurtas LDK \u017eem\u0117lapis su T. Makovskio para\u0161yta Lietuvos geografine ir istorine apybrai\u017ea.\r\n\r\n1613 m. \u017eem\u0117lapis d\u0117l savo tikslumo, originalumo ir estetin\u0117s i\u0161vaizdos \u012fgijo didel\u012f populiarum\u0105. Vien tik J. Ir V. Blau, H ir J. Hondij\u0173 bei J. Jansono leid\u017eiamuose atlasuose \u0161is \u017eem\u0117lapis (perdirbtas) i\u0161spausdintas net de\u0161imt kart\u0173. \u0160ie leidiniai saugomi Vilniaus universiteto bibliotekoje. Pavieniai 1613 m. egzemplioriai saugomi Vilniaus universiteto, Moksl\u0173 akademijos\u00a0 bibliotekose ir Lietuvos nacionaliniame muziejuje. Paskutin\u012f kart\u0105 \u0161is \u017eem\u0117lapis buvo i\u0161spausdintas apie 1750 m. Europos, Azijos, Afrikos ir Amerikos \u017eem\u0117lapi\u0173 rinkinyje ir tais pa\u010diais metais F. Vito parengtame geografiniame\u00a0 \u201cAtlase\u201d.\r\n\r\n&nbsp;\r\n\r\n<strong>Nuorodos<\/strong>\r\n<ul>\r\n \t<li><span style=\"font-size: 10pt;\">Samas. \u017dem\u0117lapiai ir j\u0173 k\u016br\u0117jai. Vilnius, 1997<\/span><\/li>\r\n \t<li><span style=\"font-size: 10pt;\">Nuotraukos &#8211;\u00a0<a href=\"https:\/\/lt.wikipedia.org\/wiki\/Mikalojus_Kristupas_Radvila_Na%C5%A1lait%C4%97lis\">Wikipedija: Mikalojus Kristupas Radvila Na\u0161lait\u0117lis<\/a><\/span><\/li>\r\n \t<li><span style=\"font-size: 10pt;\">Lietuvos did\u017eiosios kunigaik\u0161tyst\u0117s <a href=\"https:\/\/100lietuvoszemelapiu.lt\/2018\/06\/09\/m-k-radvilos-1613-m-lietuvos-didziosios-kunigaikstystes-zemelapis\/\">\u017eem\u0117lapis<\/a> M 1:1 300 000<\/span><\/li>\r\n<\/ul>\r\n<\/article><\/div>\r\n<div class=\"adbox-left\"><a href=\"http:\/\/100lietuvoszemelapiu.lt\/2018\/06\/09\/m-k-radvilos-1613-m-lietuvos-didziosios-kunigaikstystes-zemelapis\/\">100lietuvoszemelapiu.lt<\/a><\/div>\r\n<\/div>\r\n<\/section>","protected":false},"excerpt":{"rendered":"Mikalojus Kristupas Radvila\u00a0Na\u0161lait\u0117lis M. K. Radvila Na\u0161lait\u0117lis organizavo LDK lauko kartografavim\u0105 bei valstyb\u0117s \u017eem\u0117lapio sudarym\u0105. Lietuvos kartograf\u0173 draugija Apie M. K. Radvila Na\u0161lait\u0117lis 1549 m. 1616 m. M. K. Radvila Na\u0161lait\u0117lis gim\u0117 1549 m. rugpj\u016b\u010dio 2 d. \u017eymaus valstyb\u0117s ir reformat\u0173 veik\u0117jo Mikalojaus Radvilos Juodojo \u0161eimoje.Trisde\u0161imties met\u0173 M. K. Radvila aktyviai \u012fsijung\u0117 \u012f politin\u0119 ir [&hellip;]","protected":false},"author":2,"featured_media":0,"parent":1515,"menu_order":0,"comment_status":"closed","ping_status":"closed","template":"","meta":[],"_links":{"self":[{"href":"https:\/\/lietuvoskartografija.lt\/metrastis\/wp-json\/wp\/v2\/pages\/1584"}],"collection":[{"href":"https:\/\/lietuvoskartografija.lt\/metrastis\/wp-json\/wp\/v2\/pages"}],"about":[{"href":"https:\/\/lietuvoskartografija.lt\/metrastis\/wp-json\/wp\/v2\/types\/page"}],"author":[{"embeddable":true,"href":"https:\/\/lietuvoskartografija.lt\/metrastis\/wp-json\/wp\/v2\/users\/2"}],"replies":[{"embeddable":true,"href":"https:\/\/lietuvoskartografija.lt\/metrastis\/wp-json\/wp\/v2\/comments?post=1584"}],"version-history":[{"count":3,"href":"https:\/\/lietuvoskartografija.lt\/metrastis\/wp-json\/wp\/v2\/pages\/1584\/revisions"}],"predecessor-version":[{"id":1681,"href":"https:\/\/lietuvoskartografija.lt\/metrastis\/wp-json\/wp\/v2\/pages\/1584\/revisions\/1681"}],"up":[{"embeddable":true,"href":"https:\/\/lietuvoskartografija.lt\/metrastis\/wp-json\/wp\/v2\/pages\/1515"}],"wp:attachment":[{"href":"https:\/\/lietuvoskartografija.lt\/metrastis\/wp-json\/wp\/v2\/media?parent=1584"}],"curies":[{"name":"wp","href":"https:\/\/api.w.org\/{rel}","templated":true}]}}