{"id":1581,"date":"2018-12-04T20:04:12","date_gmt":"2018-12-04T20:04:12","guid":{"rendered":"https:\/\/cartoit.com\/_hosting\/lietuvoskartografija.lt\/?page_id=1581"},"modified":"2018-12-29T18:51:19","modified_gmt":"2018-12-29T18:51:19","slug":"lietuvos-kartografu-draugija","status":"publish","type":"page","link":"https:\/\/lietuvoskartografija.lt\/metrastis\/organizacijos\/lietuvos-kartografu-draugija\/","title":{"rendered":"Lietuvos kartograf\u0173 draugija"},"content":{"rendered":"<!-- Intro section -->\r\n<div id=\"intro\" class=\"single-post grid-container\">\r\n<div class=\"intro-book grid-x\">\r\n<div class=\"book-left cell small-6\">\r\n<div class=\"content-box-middle\">\r\n<h1 class=\"headings-title\">Lietuvos kartograf\u0173 draugija<\/h1>\r\n<p class=\"headings-p\">Lietuvos kartograf\u0173 draugija (LKD) \u2013 nacionalin\u0117 mokslin\u0117-visuomenin\u0117 asociacija, savanori\u0161kos naryst\u0117s pagrindu vienijanti fizinius asmenis, kuriems r\u016bpi kartografijos mokslas, praktika ir edukacija Lietuvos valstyb\u0117je.\u00a0<\/p>\r\n<\/div>\r\n<\/div>\r\n<div class=\"book-right cell small-6\">\r\n<div class=\"book-right-content\">\r\n<div class=\"orbit-image\" style=\"background-image: url('https:\/\/lietuvoskartografija.lt\/metrastis\/wp-content\/uploads\/2018\/12\/LKD_svetainei_LKD_3-1.jpg');\">\u00a0<\/div>\r\n<\/div>\r\n<\/div>\r\n<\/div>\r\n<div class=\"adbox-left\">Lietuvos kartograf\u0173 draugija <i class=\"fi-social-facebook\"><\/i> <i class=\"fi-social-twitter\"><\/i> <i class=\"fi-social-instagram\"><\/i><\/div>\r\n<\/div>\r\n<!-- End - Intro section -->\r\n<section class=\"section-content grid-container\">\r\n<h3>Apie draugij\u0105 trumpai<\/h3>\r\n<div class=\"grid-x grid-margin-x \">\r\n<div class=\"cell small-6 cell-border\">\r\n<article class=\"article-about-simple\">\r\n<div class=\"timeline-post\">\r\n<ul>\r\n\t<li>nuo 2003-03-20<\/li>\r\n<\/ul>\r\n<\/div>\r\n<p>Draugijos tikslas &#8211; koordinuoti kartograf\u0173 profesional\u0173 ir m\u0117g\u0117j\u0173 veikl\u0105 skatinant kartografijos mokslo pl\u0117tot\u0119 bei taikom\u0105sias veiklas.<\/p>\r\n<p>B\u016bstin\u0117 &#8211; Vilniuje. Interneto adresas &#8211;\u00a0<a href=\"http:\/\/www.geoportal.lt\/lkd\">www.geoportal.lt\/lkd<\/a>\u00a0<\/p>\r\n<p>LKD gretose nuolat yra apie 70 nari\u0173. Joje proporcingai atstovaujamas mokslas, verslas ir institucijos. Svarbus LKD tikslas yra palaikyti ry\u0161ius ir keistis informacija tarp skirtingo tipo organizacij\u0173, \u012ftraukti \u012f bendras veiklas susijusi\u0173 sri\u010di\u0173 atstovus.<\/p>\r\n<\/article>\r\n<\/div>\r\n<div class=\"cell small-6\"><img src=\"https:\/\/lietuvoskartografija.lt\/metrastis\/wp-content\/uploads\/2018\/12\/LKD_svetainei_LKD_2.jpg\" alt=\"Space\" \/><\/div>\r\n<\/div>\r\n<\/section>\r\n<section class=\"section-content grid-container\">\r\n<h3>\u012ek\u016brimo istorija<\/h3>\r\n<div class=\"grid-x grid-margin-x\">\r\n<div class=\"cell small-6\">\r\n<article class=\"article-about-simple-simple\">\r\n<p>Atk\u016brus Lietuvos Nepriklausomyb\u0119 Vilniaus universiteto Kartografijos centro specialistai d\u0117jo visas pastangas i\u0161laikyti ir stiprinti anks\u010diau susiformavusias \u017eem\u0117lapi\u0173 sudarymo ir tyrim\u0173 tradicijas. Intensyviai vykdant praktin\u0119 veikl\u0105, mokslininkai pl\u0117tojo tarptautinius ry\u0161ius. Paskatinus kolegoms i\u0161 Japonijos, prad\u0117ta dom\u0117tis Tarptautin\u0117s kartograf\u0173 asociacijos (TKA, www.icaci.org) veiklomis ir jose dalyvauti. Tarptautin\u0117je kartograf\u0173 asociacijoje valstyb\u0117ms paprastai atstovauja visuomenin\u0117s nacionalin\u0117s organizacijos. Lietuvoje nesant tokios organizacijos, dalyvavimas TKA iniciatyvose buvo ribotas. Aktyviausi profesijos atstovai i\u0161 \u012fvairi\u0173 istaig\u0173 prad\u0117jo glaud\u017eiau bendradarbiauti, apibr\u0117\u017e\u0117 bendrus tikslus ir nutar\u0117 susivienyti \u012f asociacij\u0105.\u00a0<\/p>\r\n<\/article>\r\n<\/div>\r\n<div class=\"cell small-6 cell-border\">\r\n<article class=\"article-about-simple\">\r\n<p>2002 m. gruod\u017eio 19 d. Vilniaus universiteto Kartografijos centre \u012fvyko steigiamasis LKD susirinkimas, kuriame\u00a0 dalyvavo 32 atstovai i\u0161 9 organizacij\u0173 \u2013 institucij\u0173, auk\u0161t\u0173j\u0173 mokykl\u0173 ir verslo organizacij\u0173. Draugijos pirmininku buvo i\u0161rinktas Vilniaus universiteto profesorius habil. dr. Algimantas \u010cesnulevi\u010dius, vadovav\u0119s LKD iki 2018-\u0173j\u0173 met\u0173.<\/p>\r\n<p>2003 met\u0173\u00a0 rugpj\u016b\u010dio m\u0117nes\u012f Durbane, Piet\u0173 Afrikoje Tarptautin\u0117s kartograf\u0173 asociacijos\u00a0 Generalin\u0117 asambl\u0117ja vienbalsiai pri\u0117m\u0117 Lietuv\u0105, atstovaujam\u0105 LKD atsakingosios sekretor\u0117s dr. Giedr\u0117s Beconyt\u0117s, \u012f savo gretas. Nuo to laiko LKD nariai dalyvauja TKA komisijose ir darbo grup\u0117se, renginiuose, konkursuose.\u00a0<\/p>\r\n<\/article>\r\n<\/div>\r\n<\/div>\r\n<\/section>\r\n<section class=\"section-content grid-container\">\r\n<div class=\"grid-x grid-margin-x\">\r\n<div class=\"cell small-6\"><img class=\"aligncenter\" src=\"https:\/\/lietuvoskartografija.lt\/metrastis\/wp-content\/uploads\/2018\/12\/LKD_svetainei_LKD_1.jpg\" alt=\"Space\" \/><\/div>\r\n<div class=\"cell small-6\">\r\n<article class=\"article-about-simple\">\r\n<h3>Pagrindin\u0117s t\u0119stin\u0117s LKD veiklos<\/h3>\r\n<ul>\r\n\t<li>Atviro kodo kartografavimo ir GIS technologij\u0173 naudojimo skatinimas ir informavimas ;<\/li>\r\n\t<li>Nacionalini\u0173 kartografijos ir GIS mokslo rengini\u0173 lietuvi\u0173 kalba organizavimas (<a href=\"http:\/\/cartocon.lt\">http:\/\/cartocon.lt<\/a> )<\/li>\r\n\t<li>Lietuvos kartografijos i\u0161tekli\u0173 registravimas, tvarkymas ir vie\u0161inimas;<\/li>\r\n\t<li>Konsultavimas, ekspertin\u0117 veikla;<\/li>\r\n\t<li>Tarptautinio vaik\u0173 \u017eem\u0117lapio konkurso nacionalini\u0173 etap\u0173 organizavimas (nuo 2005 met\u0173 kas dvejus metus). Daugiau informacijos: <a href=\"https:\/\/www.geoportal.lt\/geoportal\/web\/mokslo-populiarinimas\/vaiku-piesiniu-konkursas\">Vaik\u0173 pie\u0161ini\u0173 konkursas<\/a>.<\/li>\r\n<\/ul>\r\n<p>&nbsp;<\/p>\r\n<\/article>\r\n<\/div>\r\n<\/div>\r\n<\/section>\r\n<section class=\"section-content grid-container\">\r\n<div class=\"grid-x grid-margin-x\">\r\n<div class=\"cell small-6\">\r\n<article class=\"article-about-simple\">\r\n<h3>Pagrindiniai LKD leidiniai ir k\u016briniai<\/h3>\r\n<ul>\r\n\t<li>Mano nuostabus pasaulis. Lietuvos vaik\u0173 \u017eem\u0117lapi\u0173 knyga. Sudarytojos: Giedr\u0117 Beconyt\u0117 ir Rita Viliuvien\u0117. \u2013 Vilnius: Vilniaus universiteto leidykla, 2015. \u2013 276 p. ISBN 978-609-459-588-2<\/li>\r\n\t<li>Mokslo populiarinimo filmas \u201eKartografija. M\u016bs\u0173 pasaulio \u017eem\u0117lapiai\u201c. 2014. Projekt\u0105 i\u0161 dalies finansavo Lietuvos moksl\u0173 akademija. Filmas vie\u0161ai pasiekiamas Internete adresu http:\/\/www.geoportal.lt\/wps\/poc?uri=page:RUBRIC.3182 . \u2022<\/li>\r\n\t<li>Mokymo med\u017eiaga \u201eAtviro kodo GIS technologij\u0173 taikymo prad\u017eia\u201c: http:\/\/opengis.lt\/material\/2015\/Book\/BalciunasA-Opengislt2015-Leidinys.pdf. Sudarytojas: Andrius Bal\u010di\u016bnas.<\/li>\r\n<\/ul>\r\n<\/article>\r\n<\/div>\r\n<div class=\"cell small-6\">\r\n<article class=\"article-about-simple\">\r\n<h3>Pagrindiniai LKD organizuoti renginiai<\/h3>\r\n<ul>\r\n\t<li>2003, 2004, 2005, 2007, 009, 2011 m. Tarptautiniai moksliniai seminarai &#8220;Kartografija ir kartosemiotika&#8221;. Vilnius.<\/li>\r\n\t<li>2005, 2007, 2009, 2011, 2013, 2015, 2017, 2019 m. Barbaros Petchenik vaik\u0173 \u017eem\u0117lapio pie\u0161ini\u0173 konkurso baigiamieji renginiai ir k\u016brini\u0173 parodos Vilniuje.<\/li>\r\n\t<li>2012-12-13 organizavo Paroda \u201e\u017dem\u0117lapiai sieniniuose kalendoriuose\u201c. Mastai\u010diai (Kauno raj.)<\/li>\r\n\t<li>2013-05-31\u2013 06-01. Tarptautin\u0117 mokslin\u0117 konferencija \u201eNuo kartografijos iki geografin\u0117s informacijos mokslo\u201c . Vilnius.<\/li>\r\n\t<li>2014-10-24. Mokslo populiarinimo konferencija \u201eGIS \u2013 atvira ir paprasta\u201c. Vilnius.<\/li>\r\n\t<li>2015-10-29. Nacionalin\u0117 mokslin\u0117-praktin\u0117 konferencija \u201eGIS \u2013 paprasta ir atvira\u201c. Vilnius. (<a href=\"http:\/\/www.opengis.lt\">http:\/\/www.opengis.lt<\/a> )<\/li>\r\n\t<li>2018-11-30. Nacionalin\u0117 mokslin\u0117-praktin\u0117 konferencija. \u0160iuolaikini\u0173 kartografijos ir GIS mokslo ir technologij\u0173 konferencija CartoCon 2018. Vilnius. (<a href=\"http:\/\/cartocon.lt\">http:\/\/cartocon.lt<\/a> ).<\/li>\r\n<\/ul>\r\n<\/article>\r\n<\/div>\r\n<div class=\"adbox-left\"><a href=\"https:\/\/cartocon.lt\">cartocon.lt<\/a> | <a href=\"https:\/\/opengis.lt\">opengis.lt<\/a><\/div>\r\n<\/div>\r\n<\/section>\r\n<section class=\"section-content grid-container\">\r\n<div class=\"grid-x grid-margin-x\">\r\n<div class=\"cell small-6\"><img class=\"aligncenter\" src=\"https:\/\/lietuvoskartografija.lt\/metrastis\/wp-content\/uploads\/2018\/12\/LKD_svetainei_LKD_4.jpg\" alt=\"Space\" \/><\/div>\r\n<div class=\"cell small-6\">\r\n<article class=\"article-about-simple\">\r\n<h3>Susij\u0119 \u017emon\u0117s<\/h3>\r\n<ul>\r\n\t<li>Dr. A. Bal\u010di\u016bnas. LKD pirmininkas (2008\u2013dabar)<\/li>\r\n\t<li>Dr. G. Beconyt\u0117. Iniciatyvin\u0117s steigimo grup\u0117s nar\u0117, LKD atsakingoji sekretor\u0117 (2003\u2013dabar)<\/li>\r\n\t<li>Prof. habil. dr. Algimantas \u010cesnulevi\u010dius. LKD pirmininkas (2003\u20132018)<\/li>\r\n\t<li>Dr. A. Pilipaitis. Iniciatyvin\u0117s steigimo grup\u0117s narys<\/li>\r\n\t<li>V. Nark\u016bnien\u0117. I\u017edinink\u0117 (2003\u20132011)<\/li>\r\n\t<li>I. \u017dalalien\u0117 (Ro\u010di\u016bt\u0117). I\u017edinink\u0117 (2012\u20132015)<\/li>\r\n\t<li>N. Ma\u010diulevi\u010di\u016bt\u0117-Turlien\u0117. I\u017edinink\u0117 (2016\u2013dabar)<\/li>\r\n<\/ul>\r\n<\/article>\r\n<\/div>\r\n<\/div>\r\n<\/section>","protected":false},"excerpt":{"rendered":"Lietuvos kartograf\u0173 draugija Lietuvos kartograf\u0173 draugija (LKD) \u2013 nacionalin\u0117 mokslin\u0117-visuomenin\u0117 asociacija, savanori\u0161kos naryst\u0117s pagrindu vienijanti fizinius asmenis, kuriems r\u016bpi kartografijos mokslas, praktika ir edukacija Lietuvos valstyb\u0117je.\u00a0 \u00a0 Lietuvos kartograf\u0173 draugija Apie draugij\u0105 trumpai nuo 2003-03-20 Draugijos tikslas &#8211; koordinuoti kartograf\u0173 profesional\u0173 ir m\u0117g\u0117j\u0173 veikl\u0105 skatinant kartografijos mokslo pl\u0117tot\u0119 bei taikom\u0105sias veiklas. B\u016bstin\u0117 &#8211; Vilniuje. Interneto [&hellip;]","protected":false},"author":2,"featured_media":0,"parent":1590,"menu_order":0,"comment_status":"closed","ping_status":"closed","template":"","meta":[],"_links":{"self":[{"href":"https:\/\/lietuvoskartografija.lt\/metrastis\/wp-json\/wp\/v2\/pages\/1581"}],"collection":[{"href":"https:\/\/lietuvoskartografija.lt\/metrastis\/wp-json\/wp\/v2\/pages"}],"about":[{"href":"https:\/\/lietuvoskartografija.lt\/metrastis\/wp-json\/wp\/v2\/types\/page"}],"author":[{"embeddable":true,"href":"https:\/\/lietuvoskartografija.lt\/metrastis\/wp-json\/wp\/v2\/users\/2"}],"replies":[{"embeddable":true,"href":"https:\/\/lietuvoskartografija.lt\/metrastis\/wp-json\/wp\/v2\/comments?post=1581"}],"version-history":[{"count":1,"href":"https:\/\/lietuvoskartografija.lt\/metrastis\/wp-json\/wp\/v2\/pages\/1581\/revisions"}],"predecessor-version":[{"id":1582,"href":"https:\/\/lietuvoskartografija.lt\/metrastis\/wp-json\/wp\/v2\/pages\/1581\/revisions\/1582"}],"up":[{"embeddable":true,"href":"https:\/\/lietuvoskartografija.lt\/metrastis\/wp-json\/wp\/v2\/pages\/1590"}],"wp:attachment":[{"href":"https:\/\/lietuvoskartografija.lt\/metrastis\/wp-json\/wp\/v2\/media?parent=1581"}],"curies":[{"name":"wp","href":"https:\/\/api.w.org\/{rel}","templated":true}]}}