{"id":1515,"date":"2018-12-02T18:50:00","date_gmt":"2018-12-02T18:50:00","guid":{"rendered":"https:\/\/cartoit.com\/_hosting\/lietuvoskartografija.lt\/?page_id=1515"},"modified":"2020-10-18T14:10:39","modified_gmt":"2020-10-18T14:10:39","slug":"asmenybes","status":"publish","type":"page","link":"https:\/\/lietuvoskartografija.lt\/metrastis\/asmenybes\/","title":{"rendered":"Asmenyb\u0117s"},"content":{"rendered":"n<div id=\"intro\" class=\"page single-page grid-container\">\r\n<div class=\"intro-book grid-x\">\r\n<div class=\"book-left cell medium-6\">\r\n<div class=\"content-box-middle\">\r\n<h1 class=\"headings-title\">Lietuvos kartografai<\/h1>\r\n<p class=\"headings-p\">\u0160iame s\u0105ra\u0161e &#8211; vienos ry\u0161kiausi\u0173 asmenybi\u0173, prisid\u0117jusi\u0173 ir vis dar prisidedan\u010di\u0173 prie kartografijos kaip mokslo, profesijos tobulinimo ir \u017eymiausi\u0173 kartografini\u0173 k\u016brini\u0173 sudarymo.<\/p>\r\n\r\n<\/div>\r\n<\/div>\r\n<div class=\"book-right cell medium-6\">\r\n<div class=\"book-right-content\">\r\n<div class=\"orbit-image\" style=\"background-image: url('https:\/\/lietuvoskartografija.lt\/metrastis\/wp-content\/uploads\/2018\/12\/LKD_svetainei_KLAB_1.jpg');\"><\/div>\r\n<\/div>\r\n<\/div>\r\n<\/div>\r\n<div class=\"adbox-left\">Lietuvos kartograf\u0173 draugija <i class=\"fi-social-facebook\"><\/i> <i class=\"fi-social-twitter\"><\/i> <i class=\"fi-social-instagram\"><\/i><\/div>\r\n<\/div>\r\n<!-- End - Intro section --><!-- Timeline section -->\r\n<div class=\"timeline single-page grid-container\">\r\n<div class=\"timeline-content\"><article class=\"timeline-article grid-x\">\r\n<div class=\"timeline-left cell cell-first small-6\"><header>\r\n<h2>1549-1616 m.<\/h2>\r\n<h3>Mikalojus Kristupas Radvila Na\u0161lait\u0117lis<\/h3>\r\n<\/header>\r\n<div class=\"timeline-article-content headings-p-small\">\r\n\r\nKristupas Radvila Na\u0161lait\u0117lis M. K. Radvila Na\u0161lait\u0117lis organizavo LDK lauko kartografavim\u0105 bei valstyb\u0117s \u017eem\u0117lapio sudarym\u0105.<br class=\"blank\" \/><br class=\"blank\" \/><a href=\"https:\/\/lietuvoskartografija.lt\/metrastis\/asmenybes\/mikalojus-kristupas-radvila-naslaitelis\/\">Skaityti daugiau<\/a>\r\n\r\n<\/div>\r\n<\/div>\r\n<div class=\"timeline-dot timeline-dot-first\"><\/div>\r\n<div class=\"timeline-right cell cell-first small-6\"><img style=\"width: 35rem;\" src=\"https:\/\/lietuvoskartografija.lt\/metrastis\/wp-content\/uploads\/2018\/12\/LDK1613_1.jpg\" alt=\"Space\" \/><\/div>\r\n<\/article><article class=\"timeline-article grid-x\">\r\n<div class=\"timeline-left cell small-6\"><img src=\"https:\/\/lietuvoskartografija.lt\/metrastis\/wp-content\/uploads\/2018\/12\/VCH_3-1.jpg\" alt=\"Space\" \/><\/div>\r\n<div class=\"timeline-dot\"><\/div>\r\n<div class=\"timeline-right cell small-6\"><header>\r\n<h2>1909-1976 m.<\/h2>\r\n<h3>Prof. Vaclovas Chomskis<\/h3>\r\n<\/header>\r\n<div class=\"timeline-article-content headings-p-small\">\r\n\r\nKartografas ir limnologas, profesorius, habilituotas daktaras, valstybin\u0117s premijos laureatas.<br class=\"blank\" \/><br class=\"blank\" \/><a href=\"https:\/\/lietuvoskartografija.lt\/metrastis\/asmenybes\/v-chomskis\/\">Skaityti daugiau<\/a>\r\n\r\n<\/div>\r\n<\/div>\r\n<\/article><article class=\"timeline-article grid-x\">\r\n<div class=\"timeline-left cell small-6\"><header>\r\n<h2>1934-1993 m.<\/h2>\r\n<h3>Prof. \u010ceslovas Kudaba<\/h3>\r\n<\/header>\r\n<div class=\"timeline-article-content headings-p-small\">\r\n\r\n\u010c. Kudabos kartografin\u0117 veikla plati, kaip ir visas jo darbas. Pirmiausia \u2013 tirti Lietuvos kartografin\u012f palikim\u0105, j\u012f populiarinti, u\u017emegzti ir pl\u0117toti ry\u0161ius su \u012fstaigomis bei \u017emon\u0117mis<br class=\"blank\" \/><br class=\"blank\" \/><a href=\"https:\/\/lietuvoskartografija.lt\/metrastis\/asmenybes\/prof-ceslovas-kudaba\/\">Skaityti daugiau<\/a>\r\n\r\n<\/div>\r\n<\/div>\r\n<div class=\"timeline-dot\"><\/div>\r\n<div class=\"timeline-right cell small-6\"><img src=\"https:\/\/lietuvoskartografija.lt\/metrastis\/wp-content\/uploads\/2018\/12\/CKUD_4.jpg\" alt=\"Space\" \/><\/div>\r\n<\/article><\/div>\r\n<\/div>","protected":false},"excerpt":{"rendered":"n Lietuvos kartografai \u0160iame s\u0105ra\u0161e &#8211; vienos ry\u0161kiausi\u0173 asmenybi\u0173, prisid\u0117jusi\u0173 ir vis dar prisidedan\u010di\u0173 prie kartografijos kaip mokslo, profesijos tobulinimo ir \u017eymiausi\u0173 kartografini\u0173 k\u016brini\u0173 sudarymo. Lietuvos kartograf\u0173 draugija 1549-1616 m. Mikalojus Kristupas Radvila Na\u0161lait\u0117lis Kristupas Radvila Na\u0161lait\u0117lis M. K. Radvila Na\u0161lait\u0117lis organizavo LDK lauko kartografavim\u0105 bei valstyb\u0117s \u017eem\u0117lapio sudarym\u0105.Skaityti daugiau 1909-1976 m. Prof. Vaclovas Chomskis [&hellip;]","protected":false},"author":2,"featured_media":0,"parent":0,"menu_order":0,"comment_status":"closed","ping_status":"closed","template":"","meta":[],"_links":{"self":[{"href":"https:\/\/lietuvoskartografija.lt\/metrastis\/wp-json\/wp\/v2\/pages\/1515"}],"collection":[{"href":"https:\/\/lietuvoskartografija.lt\/metrastis\/wp-json\/wp\/v2\/pages"}],"about":[{"href":"https:\/\/lietuvoskartografija.lt\/metrastis\/wp-json\/wp\/v2\/types\/page"}],"author":[{"embeddable":true,"href":"https:\/\/lietuvoskartografija.lt\/metrastis\/wp-json\/wp\/v2\/users\/2"}],"replies":[{"embeddable":true,"href":"https:\/\/lietuvoskartografija.lt\/metrastis\/wp-json\/wp\/v2\/comments?post=1515"}],"version-history":[{"count":8,"href":"https:\/\/lietuvoskartografija.lt\/metrastis\/wp-json\/wp\/v2\/pages\/1515\/revisions"}],"predecessor-version":[{"id":1777,"href":"https:\/\/lietuvoskartografija.lt\/metrastis\/wp-json\/wp\/v2\/pages\/1515\/revisions\/1777"}],"wp:attachment":[{"href":"https:\/\/lietuvoskartografija.lt\/metrastis\/wp-json\/wp\/v2\/media?parent=1515"}],"curies":[{"name":"wp","href":"https:\/\/api.w.org\/{rel}","templated":true}]}}