{"id":1513,"date":"2018-12-02T18:48:55","date_gmt":"2018-12-02T18:48:55","guid":{"rendered":"https:\/\/cartoit.com\/_hosting\/lietuvoskartografija.lt\/?page_id=1513"},"modified":"2018-12-09T17:36:19","modified_gmt":"2018-12-09T17:36:19","slug":"v-chomskis","status":"publish","type":"page","link":"https:\/\/lietuvoskartografija.lt\/metrastis\/asmenybes\/v-chomskis\/","title":{"rendered":"Prof. Vaclovas Chomskis"},"content":{"rendered":"<!-- Intro section -->\r\n<div id=\"intro\" class=\"single-post grid-container\">\r\n<div class=\"intro-book grid-x\">\r\n<div class=\"book-left cell medium-6\">\r\n<div class=\"content-box-middle\">\r\n<h1 class=\"headings-title\">Prof. Vaclovas Chomskis<\/h1>\r\n<p class=\"headings-p\">Kartografas ir limnologas, profesorius, habilituotas daktaras, valstybin\u0117s premijos laureatas.\u00a0<\/p>\r\n<\/div>\r\n<\/div>\r\n<div class=\"book-right cell medium-6\">\r\n<div class=\"book-right-content\">\r\n<div class=\"orbit-image\" style=\"background-image: url('https:\/\/lietuvoskartografija.lt\/metrastis\/wp-content\/uploads\/2018\/12\/VCH_1.png');\">\u00a0<\/div>\r\n<\/div>\r\n<\/div>\r\n<\/div>\r\n<div class=\"adbox-left\">Lietuvos kartograf\u0173 draugija <i class=\"fi-social-facebook\"><\/i> <i class=\"fi-social-twitter\"><\/i> <i class=\"fi-social-instagram\"><\/i><\/div>\r\n<\/div>\r\n<!-- End - Intro section -->\r\n<section class=\"section-content grid-container\">\r\n<h3>Apie prof. Vaclov\u0105 Chomsk\u012f<\/h3>\r\n<div class=\"grid-x grid-margin-x \">\r\n<div class=\"cell medium-6 cell-border\">\r\n<article class=\"article-about-simple\">\r\n<div class=\"timeline-post\">\r\n<ul>\r\n\t<li>1909 m.<\/li>\r\n\t<li>1976 m.<\/li>\r\n<\/ul>\r\n<\/div>\r\n<p>V. Chomskis gim\u0117 Rietavo mieste, \u017demaitijoje, Oginskio orkestro muzikanto \u0161eimoje. Studijavo Kauno Vytauto Did\u017eiojo universitete. 1936 m. j\u012f baig\u0117 ir \u012fgijo matematiko ir fiziko specialybes. Baig\u0119s universitet\u0105 dirbo gimnazijose, d\u0117st\u0117 matematik\u0105, fizik\u0105, fizin\u0119 geografij\u0105.<\/p>\r\n<p>1940 m. buvo pakviestas dirbti \u012f Vilniaus universiteto Geografijos katedr\u0105. Su Vilniaus universitetu buvo susij\u0119s visas tolesnis V. Chomskio gyvenimas. 1945\u20131968 m. jis \u0117jo katedros ved\u0117jo pareigas, be to, nuo 1946 m. net 18 met\u0173 \u2013 Gamtos moksl\u0173 fakulteto dekanas.<\/p>\r\n<\/article>\r\n<\/div>\r\n<div class=\"cell medium-6 img-collage-2x\">\r\n<div class=\"img-column\"><img src=\"https:\/\/lietuvoskartografija.lt\/metrastis\/wp-content\/uploads\/2018\/12\/VCH_2-1.jpg\" alt=\"Space\" \/><\/div>\r\n<div class=\"img-column\"><img src=\"https:\/\/lietuvoskartografija.lt\/metrastis\/wp-content\/uploads\/2018\/12\/VCH_3-1.jpg\" alt=\"Space\" \/><\/div>\r\n<\/div>\r\n<\/div>\r\n<\/section>\r\n<section class=\"section-content grid-container\">\r\n<h3>Mokslin\u0117 veikla<\/h3>\r\n<div class=\"grid-x grid-margin-x\">\r\n<div class=\"cell medium-6\">\r\n<article class=\"article-about-simple-simple\">\r\n<p>Ilgalaik\u0117je V. Chomskio mokslin\u0117je veikloje ry\u0161kiai i\u0161skiriamos dvi sritys, kurioms jis paskyr\u0117 vis\u0105 gyvenim\u0105. Tai kartografija ir limnologija. I\u0161 abiej\u0173 sri\u010di\u0173 buvo parengtos disertacijos, publikuojami moksliniai straipsniai ir monografijos.\u00a0<\/p>\r\n<p>Daug d\u0117mesio V. Chomskis skyr\u0117 pedagoginiam darbui. Skait\u0117 geodezijos ir kartografijos kursus, vadovavo lauko praktikoms, kursiniams ir diplominiams darbams. Paskaitoms ilgai rengdavosi, ma\u017eai naudojosi konspektais, kalb\u0117jo l\u0117tai, \u012ftikinamai.<\/p>\r\n<\/article>\r\n<\/div>\r\n<div class=\"cell medium-6 cell-border\">\r\n<article class=\"article-about-simple\">\r\n<p>1948 m. parengta geografijos moksl\u0173 kandidato disertacija, skirta 1613 m. LDK \u017eem\u0117lapiui \u012fvertinti bei kartografinio vaizdo raidai. Darbe itin vertinamas \u0161is Lietuvos renesanso epochos kartografijos k\u016brinys, parodoma jo pasaulin\u0117 reik\u0161m\u0117. 1613 m. Lietuvos \u017eem\u0117lapis buvo parengtas vietini\u0173 specialist\u0173, vadovaujant tos epochos \u0161viesuoliui Mikalojui Kristupui Radvilai (Na\u0161lait\u0117liui). V. Chomskio pateiktas 1613 m. \u017eem\u0117lapio metodologinis vertinimas buvo panaudotas tyrin\u0117jant Universiteto mokslin\u0117je bibliotekoje esant\u012f kartografin\u012f palikim\u0105.\u00a0<\/p>\r\n<br \/>\r\n<br \/>\r\n<\/article>\r\n<\/div>\r\n<\/div>\r\n<\/section>\r\n<section class=\"section-content grid-container\">\r\n<div class=\"grid-x grid-margin-x\">\r\n<div class=\"cell medium-6\"><img class=\"aligncenter\" src=\"https:\/\/lietuvoskartografija.lt\/metrastis\/wp-content\/uploads\/2018\/12\/VCH_4-1.jpg\" alt=\"Space\" \/><\/div>\r\n<div class=\"cell medium-6\">\r\n<article class=\"article-about-simple\">\r\n<h3>Kartografija<\/h3>\r\n<p>V. Chomskis daug d\u0117mesio skyr\u0117 kartografinio i\u0161silavinimo lygiui kelti mokyklose, steng\u0117si mokyklas apr\u016bpinti geografiniais \u017eem\u0117lapiais, organizavo \u017eem\u0117lapi\u0173 sudarym\u0105 ir spausdinim\u0105. Jo iniciatyva ir pastangomis Lietuvoje pirm\u0105 kart\u0105 buvo sudarytas ir i\u0161leistas kompleksinis geografinis atlasas (1980 m.), kur\u012f sudaro apie 500 \u012fvairi\u0173 temini\u0173 \u017eem\u0117lapi\u0173. \u0160is atlasas 1983 m. buvo \u012fvertintas valstybine premija. Rengdamasis atlaso sudarymui, V. Chomskis dirbo planingai, susikaup\u0119s, numatydamas svarbiausius veiklos barus.\u00a0<\/p>\r\n<p>Jo r\u016bpes\u010diu geografijos specialyb\u0117 buvo papildyta kartografijos specializacija, o 1966 m. \u012fkurta Kartografijos laboratorija. V. Chomskis r\u0117m\u0117 Fotogrametrijos laboratorijos (1963 m.) \u012fk\u016brim\u0105 kult\u016bros ir gamtos objekt\u0173 fotogrametrinei ir geodezinei fiksacijai atlikti.<\/p>\r\n<p>I\u0161 viso kartografinio pob\u016bd\u017eio darb\u0173 paskelbta 15. Sukaupt\u0105 darbo patirt\u012f kartografijos srityje V. Chomskis apibendrino monografijoje \u201eKartografija\u201c, kuri pasirod\u0117 jau po profesoriaus mirties, t. y. 1979 m.<\/p>\r\n<p><span style=\"font-size: 10pt;\">* Stanaitis S., Stanaitis A. Lietuvos istorin\u0117 geografija III dalis 1900-1990 m. Vilnius, 2012<\/span><\/p>\r\n<a href=\"apie.html\">Tyrin\u0117ti daugiau<\/a><\/article>\r\n<\/div>\r\n<div class=\"adbox-left\"><a href=\"https:\/\/100lietuvoszemelapiu.lt\">100lietuvoszemelapiu.lt<\/a><\/div>\r\n<\/div>\r\n<\/section>","protected":false},"excerpt":{"rendered":"Prof. Vaclovas Chomskis Kartografas ir limnologas, profesorius, habilituotas daktaras, valstybin\u0117s premijos laureatas.\u00a0 \u00a0 Lietuvos kartograf\u0173 draugija Apie prof. Vaclov\u0105 Chomsk\u012f 1909 m. 1976 m. V. Chomskis gim\u0117 Rietavo mieste, \u017demaitijoje, Oginskio orkestro muzikanto \u0161eimoje. Studijavo Kauno Vytauto Did\u017eiojo universitete. 1936 m. j\u012f baig\u0117 ir \u012fgijo matematiko ir fiziko specialybes. Baig\u0119s universitet\u0105 dirbo gimnazijose, d\u0117st\u0117 matematik\u0105, [&hellip;]","protected":false},"author":2,"featured_media":0,"parent":1515,"menu_order":0,"comment_status":"closed","ping_status":"closed","template":"","meta":[],"_links":{"self":[{"href":"https:\/\/lietuvoskartografija.lt\/metrastis\/wp-json\/wp\/v2\/pages\/1513"}],"collection":[{"href":"https:\/\/lietuvoskartografija.lt\/metrastis\/wp-json\/wp\/v2\/pages"}],"about":[{"href":"https:\/\/lietuvoskartografija.lt\/metrastis\/wp-json\/wp\/v2\/types\/page"}],"author":[{"embeddable":true,"href":"https:\/\/lietuvoskartografija.lt\/metrastis\/wp-json\/wp\/v2\/users\/2"}],"replies":[{"embeddable":true,"href":"https:\/\/lietuvoskartografija.lt\/metrastis\/wp-json\/wp\/v2\/comments?post=1513"}],"version-history":[{"count":0,"href":"https:\/\/lietuvoskartografija.lt\/metrastis\/wp-json\/wp\/v2\/pages\/1513\/revisions"}],"up":[{"embeddable":true,"href":"https:\/\/lietuvoskartografija.lt\/metrastis\/wp-json\/wp\/v2\/pages\/1515"}],"wp:attachment":[{"href":"https:\/\/lietuvoskartografija.lt\/metrastis\/wp-json\/wp\/v2\/media?parent=1513"}],"curies":[{"name":"wp","href":"https:\/\/api.w.org\/{rel}","templated":true}]}}