{"id":1512,"date":"2018-12-02T18:33:22","date_gmt":"2018-12-02T18:33:22","guid":{"rendered":"https:\/\/cartoit.com\/_hosting\/lietuvoskartografija.lt\/?page_id=1512"},"modified":"2020-10-18T14:07:41","modified_gmt":"2020-10-18T14:07:41","slug":"main","status":"publish","type":"page","link":"https:\/\/lietuvoskartografija.lt\/metrastis\/","title":{"rendered":"Prad\u017eia"},"content":{"rendered":"<div id=\"intro\" class=\"home-page grid-container\">\r\n<div class=\"intro-book grid-x\">\r\n<div class=\"book-left cell medium-6\">\r\n<div class=\"content-box-middle\">\r\n<h1 class=\"headings-title\">Lietuvos kartografijos metra\u0161tis<\/h1>\r\n<p class=\"headings-p\">Lietuva turi gilias kartografijos mokslo ir technologij\u0173 taikymo tradicijas, ta\u010diau tik nedaugelis apie tai \u017einome. Lietuvi\u0161kosios kartografijos istorija siekia 16 a. pab. Susipa\u017einkite su svarbiausiomis asmenyb\u0117mis, k\u016briniais ir organizacijomis, kurios tapo svarbiausiomis \u0161ios ilgos istorijos dalimis.<\/p>\r\n\r\n<ul class=\"content-menu menu-simple vertical menu\">\r\n \t<li><a href=\"https:\/\/lietuvoskartografija.lt\/metrastis\/asmenybes\/\">Asmenyb\u0117s<\/a><\/li>\r\n \t<li><a href=\"https:\/\/lietuvoskartografija.lt\/metrastis\/kuriniai\/\">K\u016briniai<\/a><\/li>\r\n \t<li><a href=\"https:\/\/lietuvoskartografija.lt\/metrastis\/organizacijos\/\">Organizacijos<\/a><\/li>\r\n        <li><a href=\"https:\/\/lietuvoskartografija.lt\/metrastis\/mapping-oikonyms-in-lithuania\/\">Mokslas visiems \/ Science for all<\/a><\/li>\r\n        <li><a href=\"https:\/\/lietuvoskartografija.lt\/metrastis\/kapociuno-premija\/\">A. Kapo\u010di\u016bno premija<\/a><\/li>\r\n<\/ul>\r\n<\/div>\r\n<\/div>\r\n<div class=\"book-right cell medium-6\">\r\n<div class=\"book-right-content\">\r\n<div class=\"orbit\" role=\"region\" aria-label=\"Favorite Space Pictures\" data-orbit=\"\" data-use-m-u-i=\"false\">\r\n<div class=\"orbit-wrapper\">\r\n<ul class=\"orbit-container\">\r\n \t<li class=\"is-active orbit-slide\">\r\n<figure class=\"orbit-figure\">\r\n<div class=\"orbit-image\" style=\"background-image: url('https:\/\/lietuvoskartografija.lt\/metrastis\/wp-content\/uploads\/2018\/12\/LKD_svetainei_KLAB_2.jpg');\"><\/div>\r\n<figcaption class=\"orbit-caption\">Kruop\u0161tus kartografo darbas<\/figcaption><\/figure>\r\n<\/li>\r\n \t<li class=\"orbit-slide\">\r\n<figure class=\"orbit-figure\">\r\n<div class=\"orbit-image\" style=\"background-image: url('https:\/\/lietuvoskartografija.lt\/metrastis\/wp-content\/uploads\/2018\/12\/LKD_svetainei_KGIK_3.jpg');\"><\/div>\r\n<figcaption class=\"orbit-caption\">\u017dem\u0117lapiai, kurie \u012ftraukia<\/figcaption><\/figure>\r\n<\/li>\r\n \t<li class=\"orbit-slide\">\r\n<figure class=\"orbit-figure\">\r\n<div class=\"orbit-image\" style=\"background-image: url('https:\/\/lietuvoskartografija.lt\/metrastis\/wp-content\/uploads\/2018\/12\/LKD_svetainei_FGL_4.jpg');\"><\/div>\r\n<figcaption class=\"orbit-caption\">Profesin\u0117 bendruomen\u0117<\/figcaption><\/figure>\r\n<\/li>\r\n<\/ul>\r\n<nav class=\"orbit-bullets\"><button class=\"is-active\" data-slide=\"0\"><\/button> <button data-slide=\"1\"><\/button> <button data-slide=\"2\"><\/button><\/nav><\/div>\r\n<\/div>\r\n<\/div>\r\n<\/div>\r\n<\/div>\r\n<div class=\"adbox-left\">Lietuvos kartograf\u0173 draugija <a href=\"https:\/\/www.facebook.com\/lietuvoskartografija\/\"><i class=\"fi-social-facebook\"><\/i><\/a> <a href=\"https:\/\/twitter.com\/cartographyinlt\"><i class=\"fi-social-twitter\"><\/i><\/a> <a href=\"https:\/\/www.instagram.com\/cartographyinlithuania\/\"><i class=\"fi-social-instagram\"><\/i><\/a><\/div>\r\n<\/div>\r\n<!-- End - Intro section --><!-- Section of main content -->\r\n\r\n<section id=\"main\" class=\"section-content section-content-first grid-container\">\r\n<div class=\"grid-x grid-margin-x\">\r\n<div class=\"cell medium-2\">\r\n<ul class=\"content-menu menu-simple vertical menu\">\r\n \t<li><a href=\"https:\/\/lietuvoskartografija.lt\/metrastis\/asmenybes\/\">Asmenyb\u0117s<\/a><\/li>\r\n \t<li><a href=\"https:\/\/lietuvoskartografija.lt\/metrastis\/kuriniai\/\">K\u016briniai<\/a><\/li>\r\n \t<li><a href=\"https:\/\/lietuvoskartografija.lt\/metrastis\/organizacijos\/\">Organizacijos<\/a><\/li>\r\n<\/ul>\r\n<\/div>\r\n<div class=\"cell medium-7\"><article class=\"article-hero\">\r\n<h2>Lietuvos\r\nkartografija, kartografai ir\r\n\u017eem\u0117lapiai<\/h2>\r\n<p class=\"headings-p\">\u0160iuo projektu Lietuvos kartograf\u0173 draugija siekia pla\u010di\u0105j\u0105 visuomen\u0119 supa\u017eindinti su kartografija: mokslu, amatu, profesija ir hobiu. Koks buvo pirmasis lietuvi\u0161kasis \u017eem\u0117lapis, kas Lietuvoje buvo \u017eem\u0117lapi\u0173 sudarymo pradininkas, kada ir kaip prasid\u0117jo profesionalusis kartografijos laikotarpis? \u0160ioje svetain\u0117je susipa\u017einsite su asmenyb\u0117mis, kurios kartografijos sri\u010diai tur\u0117jo did\u017eiausi\u0105 \u012ftak\u0105. Per\u017ei\u016br\u0117kite \u012fsimintiniausius kartografinius k\u016brinius, kuriuos sudar\u0117 Lietuvos kartografai. Su\u017einokite, kokios organizacijos k\u016br\u0117 Lietuvos kartografijos pamatus ir \u0161iuo metu vienija \u0161ios profesijos \u017emones.<\/p>\r\nProjekt\u0105 remia <a href=\"http:\/\/www.lmt.lt\" target=\"_blank\" rel=\"noopener\">Lietuvos moksl\u0173 taryba<\/a>\r\n\r\n<\/article><\/div>\r\n<div class=\"adcontent-cell cell medium-3\"><article class=\"adcontent-cell-bottom headings-p-small\">\r\n<div class=\"adcontent-cell-content\">\r\n\r\n<strong>Lietuvos kartograf\u0173 draugija<\/strong>\r\n\r\nNacionalin\u0117 mokslin\u0117-visuomenin\u0117 asociacija, savanori\u0161kos naryst\u0117s pagrindu vienijanti fizinius asmenis, kuriems r\u016bpi kartografijos mokslas, praktika ir edukacija Lietuvos valstyb\u0117je. <a href=\"https:\/\/lietuvoskartografija.lt\/metrastis\/organizacijos\/lietuvos-kartografu-draugija\/\">Skaityti daugiau &gt;&gt;<\/a>\r\n\r\n<\/div>\r\n<\/article><\/div>\r\n<\/div>\r\n<\/section><!-- End - section of main content --><!-- Section of persons content -->\r\n\r\n<section id=\"persons\" class=\"section-content grid-container\">\r\n<div class=\"grid-x grid-margin-x\">\r\n<div class=\"cell medium-8\">\r\n<div class=\"orbit\" role=\"region\" aria-label=\"Favorite Space Pictures\" data-orbit=\"\">\r\n<div class=\"orbit-wrapper\">\r\n<ul class=\"orbit-container\">\r\n \t<li class=\"is-active orbit-slide\">\r\n<figure class=\"orbit-figure\">\r\n<div class=\"orbit-image\" style=\"background-image: url('https:\/\/lietuvoskartografija.lt\/metrastis\/wp-content\/uploads\/2018\/12\/RADV_1_small.jpg');\"><\/div>\r\n<figcaption class=\"orbit-caption\"><a href=\"https:\/\/lietuvoskartografija.lt\/metrastis\/asmenybes\/mikalojus-kristupas-radvila-naslaitelis\/\">\r\n<h4>M. K. Radvila Na\u0161lait\u0117lis<\/h4>\r\n&nbsp;\r\n\r\n&nbsp;\r\n\r\n&nbsp;\r\n\r\n&nbsp;\r\n\r\n&nbsp;\r\n\r\n&nbsp;\r\n\r\n&nbsp;\r\n\r\n&nbsp;\r\n\r\n<\/a><\/figcaption><\/figure>\r\n<\/li>\r\n \t<li class=\"orbit-slide\">\r\n<figure class=\"orbit-figure\">\r\n<div class=\"orbit-image\" style=\"background-image: url('https:\/\/lietuvoskartografija.lt\/metrastis\/wp-content\/uploads\/2018\/12\/CKUD_3_small.jpg');\"><\/div>\r\n<figcaption class=\"orbit-caption\"><a href=\"https:\/\/lietuvoskartografija.lt\/metrastis\/asmenybes\/prof-ceslovas-kudaba\/\">\r\n<h4>Prof. \u010ceslovas Kudaba<\/h4>\r\n&nbsp;\r\n\r\n&nbsp;\r\n\r\n&nbsp;\r\n\r\n&nbsp;\r\n\r\n&nbsp;\r\n\r\n&nbsp;\r\n\r\n&nbsp;\r\n\r\n&nbsp;\r\n\r\n<\/a><\/figcaption><\/figure>\r\n<\/li>\r\n \t<li class=\"orbit-slide\">\r\n<figure class=\"orbit-figure\">\r\n<div class=\"orbit-image\" style=\"background-image: url('https:\/\/lietuvoskartografija.lt\/metrastis\/wp-content\/uploads\/2018\/12\/VCH_3-1.jpg');\"><\/div>\r\n<figcaption class=\"orbit-caption\"><a href=\"https:\/\/lietuvoskartografija.lt\/metrastis\/asmenybes\/v-chomskis\/\">\r\n<h4>Prof. Vaclovas Chomskis<\/h4>\r\n&nbsp;\r\n\r\n&nbsp;\r\n\r\n&nbsp;\r\n\r\n&nbsp;\r\n\r\n&nbsp;\r\n\r\n&nbsp;\r\n\r\n&nbsp;\r\n\r\n&nbsp;\r\n\r\n<\/a><\/figcaption><\/figure>\r\n<\/li>\r\n<\/ul>\r\n<\/div>\r\n<nav class=\"orbit-bullets\"><button class=\"is-active\" data-slide=\"0\"><\/button> <button data-slide=\"1\"><\/button> <button data-slide=\"2\"><\/button><\/nav><\/div>\r\n<\/div>\r\n<div class=\"cell medium-4\"><article class=\"article-about cell-border\">\r\n<h2>\u017dymiausi Lietuvos kartografai<\/h2>\r\n<p class=\"headings-p\">Lietuvos kartografai iniciav\u0119, sudar\u0119 ir vadovav\u0119 svarbiausiems \u0161alies kartografiniams darbams. Asmenyb\u0117s k\u016brusios ir kurian\u010dios \u0161iuolaikin\u0117s Lietuvos kartografijos pamatus.<\/p>\r\n\r\n<ul class=\"content-menu vertical menu text-right\">\r\n \t<li><a class=\"active\" href=\"https:\/\/lietuvoskartografija.lt\/metrastis\/asmenybes\/\">Asmenyb\u0117s<\/a><\/li>\r\n \t<li><a href=\"https:\/\/lietuvoskartografija.lt\/metrastis\/kuriniai\/\">K\u016briniai<\/a><\/li>\r\n \t<li><a href=\"https:\/\/lietuvoskartografija.lt\/metrastis\/organizacijos\/\">Organizacijos<\/a><\/li>\r\n<\/ul>\r\n<\/article><article class=\"headings-p-small\">Viena svarbiausi\u0173 kryp\u010di\u0173 ar \u0161ak\u0173 ankstyvojoje lietuvi\u0161kos geografijos u\u017euomazgoje buvo kartografija. Kartografijos mokslo raida neatsiejama nuo geografijos.Kartografija apjungia geografijos, in\u017einerijos, geografini\u0173 informacini\u0173 sistem\u0173, geodezijos, informacini\u0173 technologij\u0173 sritis. D\u0117l \u0161ios prie\u017easties kartografas n\u0117ra vienos, siauros srities specialistas. Kartografas apjungia \u0161ias sritis kurdamas \u017eem\u0117lapius. Tokie buvo ir \u017eymiausi Lietuvos kartografai.\r\n<br class=\"blank\" \/><br class=\"blank\" \/><a href=\"https:\/\/lietuvoskartografija.lt\/metrastis\/asmenybes\/\">Tyrin\u0117ti<\/a><\/article><\/div>\r\n<\/div>\r\n<\/section><!-- End - section of persons content --><!-- Section of maps content -->\r\n\r\n<section id=\"maps\" class=\"section-content grid-container\">\r\n<h2>Kartografiniai k\u016briniai<\/h2>\r\n<div class=\"grid-x grid-margin-x\">\r\n<div class=\"cell medium-4\"><article class=\"article-about cell-border\">\r\n<ul class=\"content-menu vertical menu text-left\">\r\n \t<li><a href=\"https:\/\/lietuvoskartografija.lt\/metrastis\/asmenybes\/\">Asmenyb\u0117s<\/a><\/li>\r\n \t<li><a class=\"active\" href=\"https:\/\/lietuvoskartografija.lt\/metrastis\/kuriniai\/\">K\u016briniai<\/a><\/li>\r\n \t<li><a href=\"https:\/\/lietuvoskartografija.lt\/metrastis\/organizacijos\/\">Organizacijos<\/a><\/li>\r\n<\/ul>\r\n<\/article><article class=\"headings-p-small\">Kartografija &#8211; tai mokslas, turintis labai gilias \u0161aknis, siekian\u010dias sen\u0105sias Mesopotamijos ir Egipto civilizacijas, o galb\u016bt ir prie\u0161istorinius laikus. Lietuvos kartografija daug jaunesn\u0117, ta\u010diau ir m\u016bs\u0173 \u0161alies teritorijai (buvusiai ir dabar esan\u010diai) \u017eem\u0117lapiai prad\u0117ti kurti dar antikos laikais. Taigi lietuvi\u0161koji kartografija turi pakankamai gilias tradicijas.\r\n<br class=\"blank\" \/><br class=\"blank\" \/><a href=\"https:\/\/lietuvoskartografija.lt\/metrastis\/kuriniai\/\">Tyrin\u0117ti<\/a><\/article><\/div>\r\n<div class=\"cell medium-8 img-collage-2x\">\r\n<div class=\"img-column\"><img src=\"https:\/\/lietuvoskartografija.lt\/metrastis\/wp-content\/uploads\/2018\/12\/LDK1613_1.jpg\" alt=\"Space\" \/> <img src=\"https:\/\/lietuvoskartografija.lt\/metrastis\/wp-content\/uploads\/2018\/12\/KALN1924_1.jpg\" alt=\"Space\" \/><\/div>\r\n<div class=\"img-column\"><img src=\"https:\/\/lietuvoskartografija.lt\/metrastis\/wp-content\/uploads\/2018\/12\/KRIKS1933_1.jpg\" alt=\"Space\" \/> <img src=\"https:\/\/lietuvoskartografija.lt\/metrastis\/wp-content\/uploads\/2018\/12\/VIR1930_1.jpg\" alt=\"Space\" \/><\/div>\r\n<\/div>\r\n<div class=\"adbox-left\"><a href=\"https:\/\/100lietuvoszemelapiu.lt\">100lietuvoszemelapiu.lt<\/a><\/div>\r\n<\/div>\r\n<\/section><!-- End - section of maps content --><!-- Section of maps content -->\r\n\r\n<section id=\"organizations\" class=\"section-content grid-container\">\r\n<div class=\"grid-x grid-margin-x\">\r\n<div class=\"cell medium-6\"><img src=\"https:\/\/lietuvoskartografija.lt\/metrastis\/wp-content\/uploads\/2018\/12\/LKD_svetainei_FGL_1.jpg\" alt=\"Space\" \/><\/div>\r\n<div class=\"cell medium-6\"><article class=\"article-about cell-border\">\r\n<h2>Organizacijos<\/h2>\r\nLietuvos kartografai pabir\u0119 po skirtingas verslo, mokslo, valstybines institucijas, ta\u010diau juos vienija Lietuvos kartograf\u0173 draugija.\r\n<br class=\"blank\" \/><br class=\"blank\" \/>\r\n<ul class=\"content-menu vertical menu text-right\">\r\n \t<li><a href=\"https:\/\/lietuvoskartografija.lt\/metrastis\/asmenybes\/\">Asmenyb\u0117s<\/a><\/li>\r\n \t<li><a href=\"https:\/\/lietuvoskartografija.lt\/metrastis\/kuriniai\/\">K\u016briniai<\/a><\/li>\r\n \t<li><a class=\"active\" href=\"https:\/\/lietuvoskartografija.lt\/metrastis\/organizacijos\/\">Organizacijos<\/a><\/li>\r\n<\/ul>\r\n<\/article><article class=\"headings-p-small\">Atk\u016brus Lietuvos Nepriklausomyb\u0119\u00a0 Vilniaus universiteto Kartografijos centro specialistai d\u0117jo visas pastangas i\u0161laikyti ir stiprinti anks\u010diau susiformavusias\u00a0 \u017eem\u0117lapi\u0173 sudarymo ir tyrim\u0173\u00a0 tradicijas. Intensyviai vykdant praktin\u0119 veikl\u0105, mokslininkai pl\u0117tojo tarptautinius ry\u0161ius.2003 met\u0173 rugpj\u016b\u010dio m\u0117nes\u012f Durbane, Piet\u0173 Afrikoje Tarptautin\u0117s kartograf\u0173 asociacijos Generalin\u0117 asambl\u0117ja vienbalsiai pri\u0117m\u0117 Lietuv\u0105, atstovaujam\u0105 LKD atsakingosios sekretor\u0117s dr. Giedr\u0117s Beconyt\u0117s, \u012f savo gretas. Nuo to laiko LKD nariai dalyvauja TKA komisijose ir darbo grup\u0117se, renginiuose, konkursuose.\r\n<br class=\"blank\" \/><br class=\"blank\" \/><a href=\"https:\/\/lietuvoskartografija.lt\/metrastis\/organizacijos\/\">Tyrin\u0117ti<\/a><\/article><\/div>\r\n<div class=\"adbox-left\"><a href=\"https:\/\/www.facebook.com\/lietuvoskartografija\/\">Lietuvos kartograf\u0173 draugija<\/a><\/div>\r\n<\/div>\r\n<\/section>","protected":false},"excerpt":{"rendered":"Lietuvos kartografijos metra\u0161tis Lietuva turi gilias kartografijos mokslo ir technologij\u0173 taikymo tradicijas, ta\u010diau tik nedaugelis apie tai \u017einome. Lietuvi\u0161kosios kartografijos istorija siekia 16 a. pab. Susipa\u017einkite su svarbiausiomis asmenyb\u0117mis, k\u016briniais ir organizacijomis, kurios tapo svarbiausiomis \u0161ios ilgos istorijos dalimis. Asmenyb\u0117s K\u016briniai Organizacijos Mokslas visiems \/ Science for all A. Kapo\u010di\u016bno premija Kruop\u0161tus kartografo darbas \u017dem\u0117lapiai, [&hellip;]","protected":false},"author":2,"featured_media":0,"parent":0,"menu_order":0,"comment_status":"closed","ping_status":"closed","template":"","meta":[],"_links":{"self":[{"href":"https:\/\/lietuvoskartografija.lt\/metrastis\/wp-json\/wp\/v2\/pages\/1512"}],"collection":[{"href":"https:\/\/lietuvoskartografija.lt\/metrastis\/wp-json\/wp\/v2\/pages"}],"about":[{"href":"https:\/\/lietuvoskartografija.lt\/metrastis\/wp-json\/wp\/v2\/types\/page"}],"author":[{"embeddable":true,"href":"https:\/\/lietuvoskartografija.lt\/metrastis\/wp-json\/wp\/v2\/users\/2"}],"replies":[{"embeddable":true,"href":"https:\/\/lietuvoskartografija.lt\/metrastis\/wp-json\/wp\/v2\/comments?post=1512"}],"version-history":[{"count":11,"href":"https:\/\/lietuvoskartografija.lt\/metrastis\/wp-json\/wp\/v2\/pages\/1512\/revisions"}],"predecessor-version":[{"id":1776,"href":"https:\/\/lietuvoskartografija.lt\/metrastis\/wp-json\/wp\/v2\/pages\/1512\/revisions\/1776"}],"wp:attachment":[{"href":"https:\/\/lietuvoskartografija.lt\/metrastis\/wp-json\/wp\/v2\/media?parent=1512"}],"curies":[{"name":"wp","href":"https:\/\/api.w.org\/{rel}","templated":true}]}}