{"id":26062,"date":"2024-11-03T18:19:07","date_gmt":"2024-11-03T18:19:07","guid":{"rendered":"https:\/\/lietuvoskartografija.lt\/lithuanianmaps\/?page_id=26062"},"modified":"2024-11-04T20:04:37","modified_gmt":"2024-11-04T20:04:37","slug":"articles","status":"publish","type":"page","link":"https:\/\/lietuvoskartografija.lt\/lithuanianmaps\/index.php\/aboutme\/articles\/","title":{"rendered":"Articles"},"content":{"rendered":"\t\t<div data-elementor-type=\"wp-page\" data-elementor-id=\"26062\" class=\"elementor elementor-26062\">\n\t\t\t\t\t\t\t\t\t<section class=\"elementor-section elementor-top-section elementor-element elementor-element-ca7541c elementor-section-height-min-height elementor-section-boxed elementor-section-height-default elementor-section-items-middle\" data-id=\"ca7541c\" data-element_type=\"section\" data-settings=\"{&quot;background_background&quot;:&quot;classic&quot;}\">\n\t\t\t\t\t\t\t<div class=\"elementor-background-overlay\"><\/div>\n\t\t\t\t\t\t\t<div class=\"elementor-container elementor-column-gap-default\">\n\t\t\t\t\t<div class=\"elementor-column elementor-col-100 elementor-top-column elementor-element elementor-element-be10890\" data-id=\"be10890\" data-element_type=\"column\">\n\t\t\t<div class=\"elementor-widget-wrap elementor-element-populated\">\n\t\t\t\t\t\t\t\t<div class=\"elementor-element elementor-element-02500f6 elementor-widget elementor-widget-heading\" data-id=\"02500f6\" data-element_type=\"widget\" data-widget_type=\"heading.default\">\n\t\t\t\t<div class=\"elementor-widget-container\">\n\t\t\t<style>\/*! elementor - v3.17.0 - 08-11-2023 *\/\n.elementor-heading-title{padding:0;margin:0;line-height:1}.elementor-widget-heading .elementor-heading-title[class*=elementor-size-]>a{color:inherit;font-size:inherit;line-height:inherit}.elementor-widget-heading .elementor-heading-title.elementor-size-small{font-size:15px}.elementor-widget-heading .elementor-heading-title.elementor-size-medium{font-size:19px}.elementor-widget-heading .elementor-heading-title.elementor-size-large{font-size:29px}.elementor-widget-heading .elementor-heading-title.elementor-size-xl{font-size:39px}.elementor-widget-heading .elementor-heading-title.elementor-size-xxl{font-size:59px}<\/style><h1 class=\"elementor-heading-title elementor-size-default\">gallery of<\/h1>\t\t<\/div>\n\t\t\t\t<\/div>\n\t\t\t\t<div class=\"elementor-element elementor-element-0708f7f elementor-widget elementor-widget-heading\" data-id=\"0708f7f\" data-element_type=\"widget\" data-widget_type=\"heading.default\">\n\t\t\t\t<div class=\"elementor-widget-container\">\n\t\t\t<h1 class=\"elementor-heading-title elementor-size-default\">Lithuanian Maps<\/h1>\t\t<\/div>\n\t\t\t\t<\/div>\n\t\t\t\t<div class=\"elementor-element elementor-element-ffe4386 elementor-widget elementor-widget-text-editor\" data-id=\"ffe4386\" data-element_type=\"widget\" data-widget_type=\"text-editor.default\">\n\t\t\t\t<div class=\"elementor-widget-container\">\n\t\t\t<style>\/*! elementor - v3.17.0 - 08-11-2023 *\/\n.elementor-widget-text-editor.elementor-drop-cap-view-stacked .elementor-drop-cap{background-color:#69727d;color:#fff}.elementor-widget-text-editor.elementor-drop-cap-view-framed .elementor-drop-cap{color:#69727d;border:3px solid;background-color:transparent}.elementor-widget-text-editor:not(.elementor-drop-cap-view-default) .elementor-drop-cap{margin-top:8px}.elementor-widget-text-editor:not(.elementor-drop-cap-view-default) .elementor-drop-cap-letter{width:1em;height:1em}.elementor-widget-text-editor .elementor-drop-cap{float:left;text-align:center;line-height:1;font-size:50px}.elementor-widget-text-editor .elementor-drop-cap-letter{display:inline-block}<\/style>\t\t\t\t<p>Thousands of uniquely-colored maps of the historic-Lithuanian area<\/p>\t\t\t\t\t\t<\/div>\n\t\t\t\t<\/div>\n\t\t\t\t<div class=\"elementor-element elementor-element-b78c0f0 elementor-align-center elementor-widget elementor-widget-button\" data-id=\"b78c0f0\" data-element_type=\"widget\" data-widget_type=\"button.default\">\n\t\t\t\t<div class=\"elementor-widget-container\">\n\t\t\t\t\t<div class=\"elementor-button-wrapper\">\n\t\t\t<a class=\"elementor-button elementor-button-link elementor-size-sm\" href=\"https:\/\/lietuvoskartografija.lt\/lithuanianmaps\/index.php\/maps\/\">\n\t\t\t\t\t\t<span class=\"elementor-button-content-wrapper\">\n\t\t\t\t\t\t<span class=\"elementor-button-text\">Take a look<\/span>\n\t\t<\/span>\n\t\t\t\t\t<\/a>\n\t\t<\/div>\n\t\t\t\t<\/div>\n\t\t\t\t<\/div>\n\t\t\t\t\t<\/div>\n\t\t<\/div>\n\t\t\t\t\t\t\t<\/div>\n\t\t<\/section>\n\t\t\t\t<section class=\"elementor-section elementor-top-section elementor-element elementor-element-ae8ce41 elementor-section-boxed elementor-section-height-default elementor-section-height-default\" data-id=\"ae8ce41\" data-element_type=\"section\">\n\t\t\t\t\t\t<div class=\"elementor-container elementor-column-gap-default\">\n\t\t\t\t\t<div class=\"elementor-column elementor-col-50 elementor-top-column elementor-element elementor-element-4352dd5\" data-id=\"4352dd5\" data-element_type=\"column\">\n\t\t\t<div class=\"elementor-widget-wrap elementor-element-populated\">\n\t\t\t\t\t\t\t\t<div class=\"elementor-element elementor-element-f514188 elementor-widget elementor-widget-heading\" data-id=\"f514188\" data-element_type=\"widget\" data-widget_type=\"heading.default\">\n\t\t\t\t<div class=\"elementor-widget-container\">\n\t\t\t<h4 class=\"elementor-heading-title elementor-size-default\">My  articles and recommended books<\/h4>\t\t<\/div>\n\t\t\t\t<\/div>\n\t\t\t\t<div class=\"elementor-element elementor-element-2281324 elementor-widget__width-initial elementor-widget elementor-widget-text-editor\" data-id=\"2281324\" data-element_type=\"widget\" data-widget_type=\"text-editor.default\">\n\t\t\t\t<div class=\"elementor-widget-container\">\n\t\t\t\t\t\t\t<h4>My published articles about maps of the historic Lithuanian area<\/h4><p>The Maps and Mapmakers that Helped Define 20th-Century Lithuanian Boundaries. A series:<\/p><p><a href=\"https:\/\/lietuvoskartografija.lt\/lithuanianmaps\/wp-content\/uploads\/2024\/11\/Article_LPS-242-Kapochunas-Maps-and-Mapmakers-Part-1.pdf\">Part 1: Administrative Boundaries of the Grand Duchy of Lithuania Just Before the Partition of 1772&#8243; (2014)<\/a><\/p><p><span style=\"font-style: inherit; font-weight: inherit;\"><a href=\"https:\/\/lietuvoskartografija.lt\/lithuanianmaps\/wp-content\/uploads\/2024\/11\/Article_LPS-243-Kapochunas-Maps-and-Mapmakers-Part-2.pdf\">Part 2: The First Partition of the Grand Duchy of Lithuania, 1772 &#8212; Its Description and Depiction in Maps&#8221; (2015)<\/a><\/span><\/p><p><a href=\"https:\/\/lietuvoskartografija.lt\/lithuanianmaps\/wp-content\/uploads\/2024\/11\/Article_LPS-244-Kapochunas-Maps-and-Mapmakers-Part-3.pdf\">Part 3: The Second Partition of the Grand Duchy of Lithuania, 1793 &#8212; Its Description and Depiction in Maps&#8221; (2016)<\/a><\/p><p><a href=\"https:\/\/lietuvoskartografija.lt\/lithuanianmaps\/wp-content\/uploads\/2024\/11\/Article_LPS-245-Kapochunas-Maps-and-Mapmakers-Part-4.pdf\">Part 4: The Third and Last Partition of the Grand Duchy of Lithuania; administrative boundaries of Lithuanian lands, 1795 to 1918 (2017)<\/a><\/p><p><a href=\"https:\/\/lietuvoskartografija.lt\/lithuanianmaps\/wp-content\/uploads\/2024\/11\/Article_LPS-246-Kapochunas-Maps-and-Mapmakers-Part-5.pdf\">Part 5: The Role of Ethnic Maps and their Makers in Determining Lithuania\u2019s Post-WWI Borders&#8221; (2019)<\/a><\/p><p><a href=\"https:\/\/lietuvoskartografija.lt\/lithuanianmaps\/wp-content\/uploads\/2024\/11\/Article_LPS-247-Kapochunas-Maps-and-Mapmakers-Part-6.pdf\">Part 6: Post-Versailles, Mapmakers Struggle to Depict Lithuania&#8221; (2019)<\/a><\/p><h4>\u00a0<\/h4><h4><a href=\"https:\/\/lietuvoskartografija.lt\/lithuanianmaps\/wp-content\/uploads\/2024\/11\/Article_0110_LPS_AK_Bio_v8.pdf\">My published autobiography (2010)<\/a><\/h4><h5><span style=\"font-size: 16px; font-style: inherit; font-weight: inherit; color: rgba(83, 105, 65, 0.8);\">Pages 75-79 of issue 238 of the Journal of the Lithuania Philatelic Society<\/span><\/h5><p><a href=\"https:\/\/lietuvoskartografija.lt\/lithuanianmaps\/wp-content\/uploads\/2024\/11\/Article_NenartovicTomas_2015_05_06_1_.pdf\">A Lithuanian-language interview with me in the March 30, 2017 issue of Draugas<\/a><\/p><p><a href=\"https:\/\/lietuvoskartografija.lt\/lithuanianmaps\/wp-content\/uploads\/2024\/11\/Article_NenartovicTomas_2015_05_06_1_.pdf\">An article in German with many illustrations by Tomas Nenartovic:<br \/>&#8220;Kaiserlich-russische, deutsche, polnische, litauische, belarussische und sowjetische kartographische Vorstellungen und territoriale Projekte zur Kontaktregion von Wilna 1795-1939&#8221; (Imperial Russian, German, Polish, Lithuanian, Belarussian and Soviet cartographic ideas and territorial projects on the Vilnius region).\u00a0<\/a><\/p><h4>\u00a0<\/h4><h4>My published articles about stamps from the historic Lithuanian area<\/h4><p><a href=\"https:\/\/lietuvoskartografija.lt\/lithuanianmaps\/wp-content\/uploads\/2024\/11\/Article_LPS_241_Ob_Ost_Cancellations.pdf\">&#8216;Ob-Ost&#8217; Civilian Post Offices and Their Cancellations: Making Sense of a Philatelic Stepchild (2013) My research got the American Philatelic Society to change their decades-old categorization of these WWI German- occupied Baltic-area stamps.<\/a><\/p><p><a href=\"https:\/\/lietuvoskartografija.lt\/lithuanianmaps\/wp-content\/uploads\/2024\/11\/Article_102714_MK_Vol1_11_Revenues.pdf\">Revenue Stamps of Memel \/ Klaip\u0117da: 1920-1925. Chapter 11, and pages 181 &#8211; 205, of &#8220;Part I, Memel \/ Klaip\u0117da Handbook,&#8221; by John Neefus, PhD, Audrius Barazdeikis, Editor (2015).<\/a><\/p><p>Available as an e-book at: <a href=\"http:\/\/mkpdirect.com\/\">http:\/\/mkpdirect.com\/<\/a><\/p><h4>\u00a0<\/h4><h4>Books about maps<\/h4><p>Antique Maps. Carl Moreland and David Bannister, 1998 edition, Phaidon Press, London, England. 326 pages; a couple of pages of maps in color, but mostly black and white. ISBN: 0-07148-2954-4<\/p><p>Lietuva \u017eem\u0117lapiuose (Lithuania on the Map). Aldona Bieli\u016bnien\u0117, Birut\u0117 Kulnyt\u0117, R\u016bta Subatniekien\u0117, Lietuvos Nacionalinio Muziejaus Biblioteka, catalog from an exhibition from 1999. 152 pages; profusely illustrated in color and black and white. ISBN 9955-415-13-4<\/p><p>Mapping Europe&#8217;s Borderlands. Steven Seegel, 2011, Univ. of Chicago Press, 368 pages, with a view I have not seen before into the behind-the-scenes action influencing creation of maps of Lithuania. ISBN: 0-226-74425-6<\/p><p>Maps and History: Constructing Images of the Past. Jeremy Black, 1997, Yale Univ. Press. 267 pages; a few images in color, but mostly black and white, and mostly text. ISBN: 0-300-06976-6<\/p><p>Mercator: The Man Who Mapped the Planet. Nicholas Crane, 2004, Owl Books. 397 pages, just a couple of illustrations, but a fascinating read. ISBN: 0-8050-6625-X<\/p><p>Tooley&#8217;s Dictionary of Mapmakers. Josephine French, editor, 1999, Revised Edition from Map Collector Publications. Pricey, but priceless; four volumes profusely illustrated in black and white; ISBN for &#8220;A &#8211; D,&#8221; 408 pages: 0-906430-14-3; for &#8220;E &#8211; J,&#8221; 462 pages: 0-906430-19-4; for &#8220;K &#8211; P,&#8221; 472 pages: 0-906430-20-8; for &#8220;Q &#8211; Z,&#8221; 436 pages: 0-906430-21-6<\/p>\t\t\t\t\t\t<\/div>\n\t\t\t\t<\/div>\n\t\t\t\t\t<\/div>\n\t\t<\/div>\n\t\t\t\t<div class=\"elementor-column elementor-col-50 elementor-top-column elementor-element elementor-element-0ec8b6e elementor-hidden-mobile\" data-id=\"0ec8b6e\" data-element_type=\"column\">\n\t\t\t<div class=\"elementor-widget-wrap elementor-element-populated\">\n\t\t\t\t\t\t\t\t<div class=\"elementor-element elementor-element-8869c3b elementor-widget elementor-widget-image\" data-id=\"8869c3b\" data-element_type=\"widget\" data-widget_type=\"image.default\">\n\t\t\t\t<div class=\"elementor-widget-container\">\n\t\t\t<style>\/*! elementor - v3.17.0 - 08-11-2023 *\/\n.elementor-widget-image{text-align:center}.elementor-widget-image a{display:inline-block}.elementor-widget-image a img[src$=\".svg\"]{width:48px}.elementor-widget-image img{vertical-align:middle;display:inline-block}<\/style>\t\t\t\t\t\t\t\t\t\t\t\t<img decoding=\"async\" width=\"470\" height=\"469\" src=\"https:\/\/lietuvoskartografija.lt\/lithuanianmaps\/wp-content\/uploads\/2024\/11\/2024_AndrewKapochunasPhoto.jpg\" class=\"attachment-full size-full wp-image-25971\" alt=\"Andrew Kapochunas\" srcset=\"https:\/\/lietuvoskartografija.lt\/lithuanianmaps\/wp-content\/uploads\/2024\/11\/2024_AndrewKapochunasPhoto.jpg 470w, https:\/\/lietuvoskartografija.lt\/lithuanianmaps\/wp-content\/uploads\/2024\/11\/2024_AndrewKapochunasPhoto-300x300.jpg 300w, https:\/\/lietuvoskartografija.lt\/lithuanianmaps\/wp-content\/uploads\/2024\/11\/2024_AndrewKapochunasPhoto-150x150.jpg 150w, https:\/\/lietuvoskartografija.lt\/lithuanianmaps\/wp-content\/uploads\/2024\/11\/2024_AndrewKapochunasPhoto-100x100.jpg 100w\" sizes=\"(max-width: 470px) 100vw, 470px\" \/>\t\t\t\t\t\t\t\t\t\t\t\t\t\t\t<\/div>\n\t\t\t\t<\/div>\n\t\t\t\t\t<\/div>\n\t\t<\/div>\n\t\t\t\t\t\t\t<\/div>\n\t\t<\/section>\n\t\t\t\t<section class=\"elementor-section elementor-top-section elementor-element elementor-element-6a29bcf elementor-section-boxed elementor-section-height-default elementor-section-height-default\" data-id=\"6a29bcf\" data-element_type=\"section\">\n\t\t\t\t\t\t<div class=\"elementor-container elementor-column-gap-default\">\n\t\t\t\t\t<div class=\"elementor-column elementor-col-100 elementor-top-column elementor-element elementor-element-aa1aadf\" data-id=\"aa1aadf\" data-element_type=\"column\">\n\t\t\t<div class=\"elementor-widget-wrap elementor-element-populated\">\n\t\t\t\t\t\t\t\t<section class=\"elementor-section elementor-inner-section elementor-element elementor-element-59dae61 elementor-section-boxed elementor-section-height-default elementor-section-height-default\" data-id=\"59dae61\" data-element_type=\"section\">\n\t\t\t\t\t\t<div class=\"elementor-container elementor-column-gap-default\">\n\t\t\t\t\t<div class=\"elementor-column elementor-col-50 elementor-inner-column elementor-element elementor-element-9059b26\" data-id=\"9059b26\" data-element_type=\"column\">\n\t\t\t<div class=\"elementor-widget-wrap\">\n\t\t\t\t\t\t\t\t\t<\/div>\n\t\t<\/div>\n\t\t\t\t<div class=\"elementor-column elementor-col-50 elementor-inner-column elementor-element elementor-element-95a6cb5\" data-id=\"95a6cb5\" data-element_type=\"column\">\n\t\t\t<div class=\"elementor-widget-wrap\">\n\t\t\t\t\t\t\t\t\t<\/div>\n\t\t<\/div>\n\t\t\t\t\t\t\t<\/div>\n\t\t<\/section>\n\t\t\t\t\t<\/div>\n\t\t<\/div>\n\t\t\t\t\t\t\t<\/div>\n\t\t<\/section>\n\t\t\t\t\t\t\t<\/div>\n\t\t","protected":false},"excerpt":{"rendered":"<p>gallery of Lithuanian Maps Thousands of uniquely-colored maps of the historic-Lithuanian area Take a look My articles and recommended books My published articles about maps of the historic Lithuanian area The Maps and Mapmakers that Helped Define 20th-Century Lithuanian Boundaries. A series: Part 1: Administrative Boundaries of the Grand Duchy of Lithuania Just Before the &hellip;<\/p>\n<p class=\"read-more\"> <a class=\"\" href=\"https:\/\/lietuvoskartografija.lt\/lithuanianmaps\/index.php\/aboutme\/articles\/\"> <span class=\"screen-reader-text\">Articles<\/span> Read More &raquo;<\/a><\/p>\n","protected":false},"author":2,"featured_media":0,"parent":26028,"menu_order":0,"comment_status":"closed","ping_status":"closed","template":"","meta":{"_eb_attr":"","site-sidebar-layout":"no-sidebar","site-content-layout":"page-builder","ast-site-content-layout":"full-width-container","site-content-style":"unboxed","site-sidebar-style":"unboxed","ast-global-header-display":"","ast-banner-title-visibility":"","ast-main-header-display":"","ast-hfb-above-header-display":"","ast-hfb-below-header-display":"","ast-hfb-mobile-header-display":"","site-post-title":"disabled","ast-breadcrumbs-content":"","ast-featured-img":"disabled","footer-sml-layout":"","theme-transparent-header-meta":"enabled","adv-header-id-meta":"","stick-header-meta":"","header-above-stick-meta":"","header-main-stick-meta":"","header-below-stick-meta":"","astra-migrate-meta-layouts":"set","ast-page-background-enabled":"default","ast-page-background-meta":{"desktop":{"background-color":"var(--ast-global-color-4)","background-image":"","background-repeat":"repeat","background-position":"center center","background-size":"auto","background-attachment":"scroll","background-type":"","background-media":"","overlay-type":"","overlay-color":"","overlay-gradient":""},"tablet":{"background-color":"","background-image":"","background-repeat":"repeat","background-position":"center center","background-size":"auto","background-attachment":"scroll","background-type":"","background-media":"","overlay-type":"","overlay-color":"","overlay-gradient":""},"mobile":{"background-color":"","background-image":"","background-repeat":"repeat","background-position":"center center","background-size":"auto","background-attachment":"scroll","background-type":"","background-media":"","overlay-type":"","overlay-color":"","overlay-gradient":""}},"ast-content-background-meta":{"desktop":{"background-color":"var(--ast-global-color-5)","background-image":"","background-repeat":"repeat","background-position":"center center","background-size":"auto","background-attachment":"scroll","background-type":"","background-media":"","overlay-type":"","overlay-color":"","overlay-gradient":""},"tablet":{"background-color":"var(--ast-global-color-5)","background-image":"","background-repeat":"repeat","background-position":"center center","background-size":"auto","background-attachment":"scroll","background-type":"","background-media":"","overlay-type":"","overlay-color":"","overlay-gradient":""},"mobile":{"background-color":"var(--ast-global-color-5)","background-image":"","background-repeat":"repeat","background-position":"center center","background-size":"auto","background-attachment":"scroll","background-type":"","background-media":"","overlay-type":"","overlay-color":"","overlay-gradient":""}},"footnotes":""},"class_list":["post-26062","page","type-page","status-publish","hentry"],"_links":{"self":[{"href":"https:\/\/lietuvoskartografija.lt\/lithuanianmaps\/index.php\/wp-json\/wp\/v2\/pages\/26062","targetHints":{"allow":["GET"]}}],"collection":[{"href":"https:\/\/lietuvoskartografija.lt\/lithuanianmaps\/index.php\/wp-json\/wp\/v2\/pages"}],"about":[{"href":"https:\/\/lietuvoskartografija.lt\/lithuanianmaps\/index.php\/wp-json\/wp\/v2\/types\/page"}],"author":[{"embeddable":true,"href":"https:\/\/lietuvoskartografija.lt\/lithuanianmaps\/index.php\/wp-json\/wp\/v2\/users\/2"}],"replies":[{"embeddable":true,"href":"https:\/\/lietuvoskartografija.lt\/lithuanianmaps\/index.php\/wp-json\/wp\/v2\/comments?post=26062"}],"version-history":[{"count":43,"href":"https:\/\/lietuvoskartografija.lt\/lithuanianmaps\/index.php\/wp-json\/wp\/v2\/pages\/26062\/revisions"}],"predecessor-version":[{"id":26130,"href":"https:\/\/lietuvoskartografija.lt\/lithuanianmaps\/index.php\/wp-json\/wp\/v2\/pages\/26062\/revisions\/26130"}],"up":[{"embeddable":true,"href":"https:\/\/lietuvoskartografija.lt\/lithuanianmaps\/index.php\/wp-json\/wp\/v2\/pages\/26028"}],"wp:attachment":[{"href":"https:\/\/lietuvoskartografija.lt\/lithuanianmaps\/index.php\/wp-json\/wp\/v2\/media?parent=26062"}],"curies":[{"name":"wp","href":"https:\/\/api.w.org\/{rel}","templated":true}]}}